{"id":6,"date":"2023-12-06T08:41:30","date_gmt":"2023-12-06T07:41:30","guid":{"rendered":"https:\/\/pruszkow.wetgiw.gov.pl\/?page_id=6"},"modified":"2026-04-01T10:46:42","modified_gmt":"2026-04-01T08:46:42","slug":"6-2","status":"publish","type":"page","link":"https:\/\/pruszkow.wetgiw.gov.pl\/","title":{"rendered":"Strona g\u0142\u00f3wna"},"content":{"rendered":"\n<p>&nbsp;<\/p>\n\n\n\n<p>&nbsp;<\/p>\n\n\n<div class=\"wp-block-image\">\n<figure class=\"aligncenter size-large is-resized\"><a href=\"https:\/\/pruszkow.wetgiw.gov.pl\/?bip=bip-main-page\"><img loading=\"lazy\" decoding=\"async\" width=\"1024\" height=\"364\" src=\"https:\/\/pruszkow.wetgiw.gov.pl\/wp-content\/uploads\/2024\/05\/logo_bip-1024x364.png\" alt=\"\" class=\"wp-image-158\" style=\"width:572px;height:auto\" srcset=\"https:\/\/pruszkow.wetgiw.gov.pl\/wp-content\/uploads\/2024\/05\/logo_bip-1024x364.png 1024w, https:\/\/pruszkow.wetgiw.gov.pl\/wp-content\/uploads\/2024\/05\/logo_bip-300x107.png 300w, https:\/\/pruszkow.wetgiw.gov.pl\/wp-content\/uploads\/2024\/05\/logo_bip-768x273.png 768w, https:\/\/pruszkow.wetgiw.gov.pl\/wp-content\/uploads\/2024\/05\/logo_bip.png 1095w\" sizes=\"auto, (max-width: 1024px) 100vw, 1024px\" \/><\/a><\/figure>\n<\/div>\n\n\n<p class=\"has-text-align-center\">Witamy na stronie internetowej Powiatowego Inspektoratu Weterynarii w Pruszkowie.<\/p>\n\n\n\n<p class=\"has-text-align-center\">Powiatowy Inspektorat Weterynarii w\u0142a\u015bciwy dla powiat\u00f3w<br>pruszkowskiego oraz grodziskiego mie\u015bci si\u0119 w Pruszkowie:<\/p>\n\n\n\n<p class=\"has-text-align-center\">ul. Gordzia\u0142kowskiego 5<\/p>\n\n\n\n<p class=\"has-text-align-center\">05 \u2013 804 Pruszk\u00f3w<br>GPS: N: 52\u00b0 9\u2032 17\u2033 E: 20\u00b0 48\u2032 8\u2033<br>tel. + 48 (22) 758 88 19<br>fax + 48 (22) 759 58 00<br>NIP: 534-20-22-763<\/p>\n\n\n\n<p class=\"has-text-align-center\">REGON: 014162909<br><br>nr konta bankowego NBP O.O. W-wa<br>95 1010 1010 0126 9622 3100 0000<br><br>Godziny pracy urz\u0119du:<br>Poniedzia\u0142ek \u2013 7:30 \u2013 18:00<br>Wtorek \u2013 pi\u0105tek \u2013 7:30 \u2013 15:30<br><br>(ze wzgl\u0119du na mo\u017cliwo\u015b\u0107 nieobecno\u015bci pracownik\u00f3w z powodu prowadzenia czynno\u015bci w terenie,<br>wskazane jest wcze\u015bniejsze um\u00f3wienie telefoniczne).<\/p>\n\n\n\n<p class=\"has-text-align-center\">UWAGA:<br>Prosimy o kontaktowanie si\u0119 z osob\u0105 w\u0142a\u015bciw\u0105 w danej sprawie<br>(bior\u0105c pod uwag\u0119 podan\u0105 na stronie struktur\u0119 urz\u0119du).<\/p>\n\n\n\n<p>&nbsp;<\/p>\n","protected":false},"excerpt":{"rendered":"<p>&nbsp; &nbsp; Witamy na stronie internetowej Powiatowego Inspektoratu Weterynarii w Pruszkowie. Powiatowy Inspektorat Weterynarii w\u0142a\u015bciwy dla powiat\u00f3wpruszkowskiego oraz grodziskiego mie\u015bci si\u0119 w Pruszkowie: ul. Gordzia\u0142kowskiego 5 05 \u2013 804 Pruszk\u00f3wGPS: N: 52\u00b0 9\u2032 17\u2033 E: 20\u00b0 48\u2032 8\u2033tel. + 48 &hellip; <a href=\"https:\/\/pruszkow.wetgiw.gov.pl\/\">Czytaj dalej <span class=\"meta-nav\">&rarr;<\/span><\/a><\/p>\n","protected":false},"author":1,"featured_media":0,"parent":0,"menu_order":0,"comment_status":"closed","ping_status":"closed","template":"","meta":{"footnotes":""},"class_list":["post-6","page","type-page","status-publish","hentry"],"yoast_head":"<!-- This site is optimized with the Yoast SEO plugin v21.6 - https:\/\/yoast.com\/wordpress\/plugins\/seo\/ -->\n<title>Strona g\u0142\u00f3wna -<\/title>\n<meta name=\"robots\" content=\"index, follow, max-snippet:-1, max-image-preview:large, max-video-preview:-1\" \/>\n<link rel=\"canonical\" href=\"https:\/\/pruszkow.wetgiw.gov.pl\/\" \/>\n<meta property=\"og:locale\" content=\"pl_PL\" \/>\n<meta property=\"og:type\" content=\"article\" \/>\n<meta property=\"og:title\" content=\"Strona g\u0142\u00f3wna -\" \/>\n<meta property=\"og:description\" content=\"&nbsp; &nbsp; Witamy na stronie internetowej Powiatowego Inspektoratu Weterynarii w Pruszkowie. Powiatowy Inspektorat Weterynarii w\u0142a\u015bciwy dla powiat\u00f3wpruszkowskiego oraz grodziskiego mie\u015bci si\u0119 w Pruszkowie: ul. Gordzia\u0142kowskiego 5 05 \u2013 804 Pruszk\u00f3wGPS: N: 52\u00b0 9\u2032 17\u2033 E: 20\u00b0 48\u2032 8\u2033tel. + 48 &hellip; Czytaj dalej &rarr;\" \/>\n<meta property=\"og:url\" content=\"https:\/\/pruszkow.wetgiw.gov.pl\/\" \/>\n<meta property=\"article:modified_time\" content=\"2026-04-01T08:46:42+00:00\" \/>\n<meta property=\"og:image\" content=\"https:\/\/pruszkow.wetgiw.gov.pl\/wp-content\/uploads\/2024\/05\/logo_bip-1024x364.png\" \/>\n<meta name=\"twitter:card\" content=\"summary_large_image\" \/>\n<meta name=\"twitter:label1\" content=\"Szacowany czas czytania\" \/>\n\t<meta name=\"twitter:data1\" content=\"1 minuta\" \/>\n<script type=\"application\/ld+json\" class=\"yoast-schema-graph\">{\"@context\":\"https:\/\/schema.org\",\"@graph\":[{\"@type\":\"WebPage\",\"@id\":\"https:\/\/pruszkow.wetgiw.gov.pl\/\",\"url\":\"https:\/\/pruszkow.wetgiw.gov.pl\/\",\"name\":\"Strona g\u0142\u00f3wna -\",\"isPartOf\":{\"@id\":\"https:\/\/pruszkow.wetgiw.gov.pl\/#website\"},\"datePublished\":\"2023-12-06T07:41:30+00:00\",\"dateModified\":\"2026-04-01T08:46:42+00:00\",\"breadcrumb\":{\"@id\":\"https:\/\/pruszkow.wetgiw.gov.pl\/#breadcrumb\"},\"inLanguage\":\"pl-PL\",\"potentialAction\":[{\"@type\":\"ReadAction\",\"target\":[\"https:\/\/pruszkow.wetgiw.gov.pl\/\"]}]},{\"@type\":\"BreadcrumbList\",\"@id\":\"https:\/\/pruszkow.wetgiw.gov.pl\/#breadcrumb\",\"itemListElement\":[{\"@type\":\"ListItem\",\"position\":1,\"name\":\"Home\",\"item\":\"https:\/\/pruszkow.wetgiw.gov.pl\/\"},{\"@type\":\"ListItem\",\"position\":2,\"name\":\"Strona g\u0142\u00f3wna\"}]},{\"@type\":\"WebSite\",\"@id\":\"https:\/\/pruszkow.wetgiw.gov.pl\/#website\",\"url\":\"https:\/\/pruszkow.wetgiw.gov.pl\/\",\"name\":\"\",\"description\":\"\",\"potentialAction\":[{\"@type\":\"SearchAction\",\"target\":{\"@type\":\"EntryPoint\",\"urlTemplate\":\"https:\/\/pruszkow.wetgiw.gov.pl\/?s={search_term_string}\"},\"query-input\":\"required name=search_term_string\"}],\"inLanguage\":\"pl-PL\"}]}<\/script>\n<!-- \/ Yoast SEO plugin. -->","yoast_head_json":{"title":"Strona g\u0142\u00f3wna -","robots":{"index":"index","follow":"follow","max-snippet":"max-snippet:-1","max-image-preview":"max-image-preview:large","max-video-preview":"max-video-preview:-1"},"canonical":"https:\/\/pruszkow.wetgiw.gov.pl\/","og_locale":"pl_PL","og_type":"article","og_title":"Strona g\u0142\u00f3wna -","og_description":"&nbsp; &nbsp; Witamy na stronie internetowej Powiatowego Inspektoratu Weterynarii w Pruszkowie. Powiatowy Inspektorat Weterynarii w\u0142a\u015bciwy dla powiat\u00f3wpruszkowskiego oraz grodziskiego mie\u015bci si\u0119 w Pruszkowie: ul. Gordzia\u0142kowskiego 5 05 \u2013 804 Pruszk\u00f3wGPS: N: 52\u00b0 9\u2032 17\u2033 E: 20\u00b0 48\u2032 8\u2033tel. + 48 &hellip; Czytaj dalej &rarr;","og_url":"https:\/\/pruszkow.wetgiw.gov.pl\/","article_modified_time":"2026-04-01T08:46:42+00:00","og_image":[{"url":"https:\/\/pruszkow.wetgiw.gov.pl\/wp-content\/uploads\/2024\/05\/logo_bip-1024x364.png"}],"twitter_card":"summary_large_image","twitter_misc":{"Szacowany czas czytania":"1 minuta"},"schema":{"@context":"https:\/\/schema.org","@graph":[{"@type":"WebPage","@id":"https:\/\/pruszkow.wetgiw.gov.pl\/","url":"https:\/\/pruszkow.wetgiw.gov.pl\/","name":"Strona g\u0142\u00f3wna -","isPartOf":{"@id":"https:\/\/pruszkow.wetgiw.gov.pl\/#website"},"datePublished":"2023-12-06T07:41:30+00:00","dateModified":"2026-04-01T08:46:42+00:00","breadcrumb":{"@id":"https:\/\/pruszkow.wetgiw.gov.pl\/#breadcrumb"},"inLanguage":"pl-PL","potentialAction":[{"@type":"ReadAction","target":["https:\/\/pruszkow.wetgiw.gov.pl\/"]}]},{"@type":"BreadcrumbList","@id":"https:\/\/pruszkow.wetgiw.gov.pl\/#breadcrumb","itemListElement":[{"@type":"ListItem","position":1,"name":"Home","item":"https:\/\/pruszkow.wetgiw.gov.pl\/"},{"@type":"ListItem","position":2,"name":"Strona g\u0142\u00f3wna"}]},{"@type":"WebSite","@id":"https:\/\/pruszkow.wetgiw.gov.pl\/#website","url":"https:\/\/pruszkow.wetgiw.gov.pl\/","name":"","description":"","potentialAction":[{"@type":"SearchAction","target":{"@type":"EntryPoint","urlTemplate":"https:\/\/pruszkow.wetgiw.gov.pl\/?s={search_term_string}"},"query-input":"required name=search_term_string"}],"inLanguage":"pl-PL"}]}},"_links":{"self":[{"href":"https:\/\/pruszkow.wetgiw.gov.pl\/index.php?rest_route=\/wp\/v2\/pages\/6","targetHints":{"allow":["GET"]}}],"collection":[{"href":"https:\/\/pruszkow.wetgiw.gov.pl\/index.php?rest_route=\/wp\/v2\/pages"}],"about":[{"href":"https:\/\/pruszkow.wetgiw.gov.pl\/index.php?rest_route=\/wp\/v2\/types\/page"}],"author":[{"embeddable":true,"href":"https:\/\/pruszkow.wetgiw.gov.pl\/index.php?rest_route=\/wp\/v2\/users\/1"}],"replies":[{"embeddable":true,"href":"https:\/\/pruszkow.wetgiw.gov.pl\/index.php?rest_route=%2Fwp%2Fv2%2Fcomments&post=6"}],"version-history":[{"count":7,"href":"https:\/\/pruszkow.wetgiw.gov.pl\/index.php?rest_route=\/wp\/v2\/pages\/6\/revisions"}],"predecessor-version":[{"id":422,"href":"https:\/\/pruszkow.wetgiw.gov.pl\/index.php?rest_route=\/wp\/v2\/pages\/6\/revisions\/422"}],"wp:attachment":[{"href":"https:\/\/pruszkow.wetgiw.gov.pl\/index.php?rest_route=%2Fwp%2Fv2%2Fmedia&parent=6"}],"curies":[{"name":"wp","href":"https:\/\/api.w.org\/{rel}","templated":true}]}}