{"id":38,"date":"2023-12-06T09:24:50","date_gmt":"2023-12-06T08:24:50","guid":{"rendered":"https:\/\/pruszkow.wetgiw.gov.pl\/?page_id=38"},"modified":"2023-12-06T09:26:24","modified_gmt":"2023-12-06T08:26:24","slug":"rodo","status":"publish","type":"page","link":"https:\/\/pruszkow.wetgiw.gov.pl\/?page_id=38","title":{"rendered":"RODO"},"content":{"rendered":"\n<ul class=\"wp-block-list\">\n<li><a href=\"https:\/\/pruszkow.wetgiw.gov.pl\/wp-content\/uploads\/2023\/12\/1406.doc\">KLAUZULA INFORMACYJNA O PRZETWARZANIU DANYCH OSOBOWYCH<\/a><\/li>\n\n\n\n<li><a href=\"https:\/\/pruszkow.wetgiw.gov.pl\/wp-content\/uploads\/2023\/12\/11061.doc\">Klauzula informacyjna dla os\u00f3b fizycznych wpisywanych do rejestr\u00f3w, wykaz\u00f3w i list prowadzonych przez Inspekcj\u0119 Weterynaryjn\u0105<\/a><\/li>\n<\/ul>\n","protected":false},"excerpt":{"rendered":"","protected":false},"author":1,"featured_media":0,"parent":0,"menu_order":0,"comment_status":"closed","ping_status":"closed","template":"","meta":{"footnotes":""},"class_list":["post-38","page","type-page","status-publish","hentry"],"yoast_head":"<!-- This site is optimized with the Yoast SEO plugin v21.6 - https:\/\/yoast.com\/wordpress\/plugins\/seo\/ -->\n<title>RODO -<\/title>\n<meta name=\"robots\" content=\"index, follow, max-snippet:-1, max-image-preview:large, max-video-preview:-1\" \/>\n<link rel=\"canonical\" href=\"https:\/\/pruszkow.wetgiw.gov.pl\/?page_id=38\" \/>\n<meta property=\"og:locale\" content=\"pl_PL\" \/>\n<meta property=\"og:type\" content=\"article\" \/>\n<meta property=\"og:title\" content=\"RODO -\" \/>\n<meta property=\"og:url\" content=\"https:\/\/pruszkow.wetgiw.gov.pl\/?page_id=38\" \/>\n<meta property=\"article:modified_time\" content=\"2023-12-06T08:26:24+00:00\" \/>\n<meta name=\"twitter:card\" content=\"summary_large_image\" \/>\n<meta name=\"twitter:label1\" content=\"Szacowany czas czytania\" \/>\n\t<meta name=\"twitter:data1\" content=\"1 minuta\" \/>\n<script type=\"application\/ld+json\" class=\"yoast-schema-graph\">{\"@context\":\"https:\/\/schema.org\",\"@graph\":[{\"@type\":\"WebPage\",\"@id\":\"https:\/\/pruszkow.wetgiw.gov.pl\/?page_id=38\",\"url\":\"https:\/\/pruszkow.wetgiw.gov.pl\/?page_id=38\",\"name\":\"RODO -\",\"isPartOf\":{\"@id\":\"https:\/\/pruszkow.wetgiw.gov.pl\/#website\"},\"datePublished\":\"2023-12-06T08:24:50+00:00\",\"dateModified\":\"2023-12-06T08:26:24+00:00\",\"breadcrumb\":{\"@id\":\"https:\/\/pruszkow.wetgiw.gov.pl\/?page_id=38#breadcrumb\"},\"inLanguage\":\"pl-PL\",\"potentialAction\":[{\"@type\":\"ReadAction\",\"target\":[\"https:\/\/pruszkow.wetgiw.gov.pl\/?page_id=38\"]}]},{\"@type\":\"BreadcrumbList\",\"@id\":\"https:\/\/pruszkow.wetgiw.gov.pl\/?page_id=38#breadcrumb\",\"itemListElement\":[{\"@type\":\"ListItem\",\"position\":1,\"name\":\"Home\",\"item\":\"https:\/\/pruszkow.wetgiw.gov.pl\/\"},{\"@type\":\"ListItem\",\"position\":2,\"name\":\"RODO\"}]},{\"@type\":\"WebSite\",\"@id\":\"https:\/\/pruszkow.wetgiw.gov.pl\/#website\",\"url\":\"https:\/\/pruszkow.wetgiw.gov.pl\/\",\"name\":\"\",\"description\":\"\",\"potentialAction\":[{\"@type\":\"SearchAction\",\"target\":{\"@type\":\"EntryPoint\",\"urlTemplate\":\"https:\/\/pruszkow.wetgiw.gov.pl\/?s={search_term_string}\"},\"query-input\":\"required name=search_term_string\"}],\"inLanguage\":\"pl-PL\"}]}<\/script>\n<!-- \/ Yoast SEO plugin. -->","yoast_head_json":{"title":"RODO -","robots":{"index":"index","follow":"follow","max-snippet":"max-snippet:-1","max-image-preview":"max-image-preview:large","max-video-preview":"max-video-preview:-1"},"canonical":"https:\/\/pruszkow.wetgiw.gov.pl\/?page_id=38","og_locale":"pl_PL","og_type":"article","og_title":"RODO -","og_url":"https:\/\/pruszkow.wetgiw.gov.pl\/?page_id=38","article_modified_time":"2023-12-06T08:26:24+00:00","twitter_card":"summary_large_image","twitter_misc":{"Szacowany czas czytania":"1 minuta"},"schema":{"@context":"https:\/\/schema.org","@graph":[{"@type":"WebPage","@id":"https:\/\/pruszkow.wetgiw.gov.pl\/?page_id=38","url":"https:\/\/pruszkow.wetgiw.gov.pl\/?page_id=38","name":"RODO -","isPartOf":{"@id":"https:\/\/pruszkow.wetgiw.gov.pl\/#website"},"datePublished":"2023-12-06T08:24:50+00:00","dateModified":"2023-12-06T08:26:24+00:00","breadcrumb":{"@id":"https:\/\/pruszkow.wetgiw.gov.pl\/?page_id=38#breadcrumb"},"inLanguage":"pl-PL","potentialAction":[{"@type":"ReadAction","target":["https:\/\/pruszkow.wetgiw.gov.pl\/?page_id=38"]}]},{"@type":"BreadcrumbList","@id":"https:\/\/pruszkow.wetgiw.gov.pl\/?page_id=38#breadcrumb","itemListElement":[{"@type":"ListItem","position":1,"name":"Home","item":"https:\/\/pruszkow.wetgiw.gov.pl\/"},{"@type":"ListItem","position":2,"name":"RODO"}]},{"@type":"WebSite","@id":"https:\/\/pruszkow.wetgiw.gov.pl\/#website","url":"https:\/\/pruszkow.wetgiw.gov.pl\/","name":"","description":"","potentialAction":[{"@type":"SearchAction","target":{"@type":"EntryPoint","urlTemplate":"https:\/\/pruszkow.wetgiw.gov.pl\/?s={search_term_string}"},"query-input":"required name=search_term_string"}],"inLanguage":"pl-PL"}]}},"_links":{"self":[{"href":"https:\/\/pruszkow.wetgiw.gov.pl\/index.php?rest_route=\/wp\/v2\/pages\/38","targetHints":{"allow":["GET"]}}],"collection":[{"href":"https:\/\/pruszkow.wetgiw.gov.pl\/index.php?rest_route=\/wp\/v2\/pages"}],"about":[{"href":"https:\/\/pruszkow.wetgiw.gov.pl\/index.php?rest_route=\/wp\/v2\/types\/page"}],"author":[{"embeddable":true,"href":"https:\/\/pruszkow.wetgiw.gov.pl\/index.php?rest_route=\/wp\/v2\/users\/1"}],"replies":[{"embeddable":true,"href":"https:\/\/pruszkow.wetgiw.gov.pl\/index.php?rest_route=%2Fwp%2Fv2%2Fcomments&post=38"}],"version-history":[{"count":3,"href":"https:\/\/pruszkow.wetgiw.gov.pl\/index.php?rest_route=\/wp\/v2\/pages\/38\/revisions"}],"predecessor-version":[{"id":43,"href":"https:\/\/pruszkow.wetgiw.gov.pl\/index.php?rest_route=\/wp\/v2\/pages\/38\/revisions\/43"}],"wp:attachment":[{"href":"https:\/\/pruszkow.wetgiw.gov.pl\/index.php?rest_route=%2Fwp%2Fv2%2Fmedia&parent=38"}],"curies":[{"name":"wp","href":"https:\/\/api.w.org\/{rel}","templated":true}]}}