{"id":379,"date":"2026-03-18T12:15:42","date_gmt":"2026-03-18T11:15:42","guid":{"rendered":"https:\/\/pruszkow.wetgiw.gov.pl\/?page_id=379"},"modified":"2026-03-18T12:15:43","modified_gmt":"2026-03-18T11:15:43","slug":"zglaszanie-padlych-sztuk-bydla-owiec-i-koz","status":"publish","type":"page","link":"https:\/\/pruszkow.wetgiw.gov.pl\/?page_id=379","title":{"rendered":"Zg\u0142aszanie pad\u0142ych sztuk byd\u0142a, owiec i k\u00f3z"},"content":{"rendered":"\n<div class=\"wp-block-contact-form-7-contact-form-selector\">\n<div class=\"wpcf7 no-js\" id=\"wpcf7-f378-o1\" lang=\"pl-PL\" dir=\"ltr\" data-wpcf7-id=\"378\">\n<div class=\"screen-reader-response\"><p role=\"status\" aria-live=\"polite\" aria-atomic=\"true\"><\/p> <ul><\/ul><\/div>\n<form action=\"\/index.php?rest_route=%2Fwp%2Fv2%2Fpages%2F379#wpcf7-f378-o1\" method=\"post\" class=\"wpcf7-form init\" aria-label=\"Formularz kontaktowy\" novalidate=\"novalidate\" data-status=\"init\">\n<fieldset class=\"hidden-fields-container\"><input type=\"hidden\" name=\"_wpcf7\" value=\"378\" \/><input type=\"hidden\" name=\"_wpcf7_version\" value=\"6.1.5\" \/><input type=\"hidden\" name=\"_wpcf7_locale\" value=\"pl_PL\" \/><input type=\"hidden\" name=\"_wpcf7_unit_tag\" value=\"wpcf7-f378-o1\" \/><input type=\"hidden\" name=\"_wpcf7_container_post\" value=\"0\" \/><input type=\"hidden\" name=\"_wpcf7_posted_data_hash\" value=\"\" \/>\n<\/fieldset>\n<p><label> Imi\u0119 i nazwisko osoby zg\u0142aszaj\u0105cej*<br \/>\n<span class=\"wpcf7-form-control-wrap\" data-name=\"your-name\"><input size=\"40\" maxlength=\"400\" class=\"wpcf7-form-control wpcf7-text wpcf7-validates-as-required\" aria-required=\"true\" aria-invalid=\"false\" value=\"\" type=\"text\" name=\"your-name\" \/><\/span> <\/label>\n<\/p>\n<p><label> Adres zamieszkania*<br \/>\n<span class=\"wpcf7-form-control-wrap\" data-name=\"adres\"><input size=\"40\" maxlength=\"255\" minlength=\"3\" class=\"wpcf7-form-control wpcf7-text wpcf7-validates-as-required\" aria-required=\"true\" aria-invalid=\"false\" value=\"\" type=\"text\" name=\"adres\" \/><\/span><\/label>\n<\/p>\n<p><label> Telefon*<br \/>\n<span class=\"wpcf7-form-control-wrap\" data-name=\"telefon\"><input size=\"40\" maxlength=\"400\" class=\"wpcf7-form-control wpcf7-tel wpcf7-validates-as-required wpcf7-text wpcf7-validates-as-tel\" aria-required=\"true\" aria-invalid=\"false\" value=\"\" type=\"tel\" name=\"telefon\" \/><\/span><\/label>\n<\/p>\n<p><label> Tw\u00f3j adres e-mail*<br \/>\n<span class=\"wpcf7-form-control-wrap\" data-name=\"your-email\"><input size=\"40\" maxlength=\"400\" class=\"wpcf7-form-control wpcf7-email wpcf7-validates-as-required wpcf7-text wpcf7-validates-as-email\" aria-required=\"true\" aria-invalid=\"false\" value=\"\" type=\"email\" name=\"your-email\" \/><\/span> <\/label>\n<\/p>\n<p><label> Imi\u0119 i Nazwisko posiadacza zwierz\u0119cia *<br \/>\n<span class=\"wpcf7-form-control-wrap\" data-name=\"Posiadacz_zwierzecia\"><input size=\"40\" maxlength=\"400\" class=\"wpcf7-form-control wpcf7-text wpcf7-validates-as-required\" aria-required=\"true\" aria-invalid=\"false\" value=\"\" type=\"text\" name=\"Posiadacz_zwierzecia\" \/><\/span><\/label>\n<\/p>\n<p><label> Adres gospodarstwa*<br \/>\n<span class=\"wpcf7-form-control-wrap\" data-name=\"Adres_gospodarstwa\"><input size=\"40\" maxlength=\"400\" class=\"wpcf7-form-control wpcf7-text wpcf7-validates-as-required\" aria-required=\"true\" aria-invalid=\"false\" value=\"\" type=\"text\" name=\"Adres_gospodarstwa\" \/><\/span><\/label>\n<\/p>\n<p><label> Rodzaj produkcji*<br \/>\n<span class=\"wpcf7-form-control-wrap\" data-name=\"Rodzaj_produkcji\"><select class=\"wpcf7-form-control wpcf7-select wpcf7-validates-as-required\" aria-required=\"true\" aria-invalid=\"false\" name=\"Rodzaj_produkcji\"><option value=\"\">wybierz<\/option><option value=\"mleczna\">mleczna<\/option><option value=\"opasowa\">opasowa<\/option><option value=\"kozy\">kozy<\/option><option value=\"owce\">owce<\/option><option value=\"mieszana\">mieszana<\/option><option value=\"inna\">inna<\/option><option value=\"TRZODA\">TRZODA<\/option><option value=\"\u015aWINIE\">\u015aWINIE<\/option><\/select><\/span><\/label>\n<\/p>\n<p><label> Liczba sztuk pozosta\u0142ych w gospodarstwie*<br \/>\n<span class=\"wpcf7-form-control-wrap\" data-name=\"pozostalo\"><input class=\"wpcf7-form-control wpcf7-number wpcf7-validates-as-required wpcf7-validates-as-number\" aria-required=\"true\" aria-invalid=\"false\" value=\"\" type=\"number\" name=\"pozostalo\" \/><\/span><\/label>\n<\/p>\n<p><label>Data urodzenia zwierz\u0119cia*<br \/>\n<span class=\"wpcf7-form-control-wrap\" data-name=\"urodzenie\"><input class=\"wpcf7-form-control wpcf7-date wpcf7-validates-as-required wpcf7-validates-as-date\" aria-required=\"true\" aria-invalid=\"false\" value=\"\" type=\"date\" name=\"urodzenie\" \/><\/span><\/label>\n<\/p>\n<p><label>Data padni\u0119cia zwierz\u0119cia*<br \/>\n<span class=\"wpcf7-form-control-wrap\" data-name=\"padniecie\"><input class=\"wpcf7-form-control wpcf7-date wpcf7-validates-as-required wpcf7-validates-as-date\" aria-required=\"true\" aria-invalid=\"false\" value=\"\" type=\"date\" name=\"padniecie\" \/><\/span><\/label>\n<\/p>\n<p><label>Numer kolczyka*<br \/>\n<span class=\"wpcf7-form-control-wrap\" data-name=\"nr_kolczyka\"><input size=\"40\" maxlength=\"400\" class=\"wpcf7-form-control wpcf7-text wpcf7-validates-as-required\" aria-required=\"true\" aria-invalid=\"false\" value=\"\" type=\"text\" name=\"nr_kolczyka\" \/><\/span><\/label>\n<\/p>\n<p><label>P\u0142e\u0107*<br \/>\n<span class=\"wpcf7-form-control-wrap\" data-name=\"plec\"><select class=\"wpcf7-form-control wpcf7-select wpcf7-validates-as-required\" aria-required=\"true\" aria-invalid=\"false\" name=\"plec\"><option value=\"samiec\">samiec<\/option><option value=\"samica\">samica<\/option><\/select><\/span><\/label>\n<\/p>\n<p><label>Przyczyna padni\u0119cia*<br \/>\n<span class=\"wpcf7-form-control-wrap\" data-name=\"przyczyna\"><span class=\"wpcf7-form-control wpcf7-radio\"><span class=\"wpcf7-list-item first\"><label><input type=\"radio\" name=\"przyczyna\" value=\"ustalona\" \/><span class=\"wpcf7-list-item-label\">ustalona<\/span><\/label><\/span><span class=\"wpcf7-list-item last\"><label><input type=\"radio\" name=\"przyczyna\" value=\"nieustalona\" \/><span class=\"wpcf7-list-item-label\">nieustalona<\/span><\/label><\/span><\/span><\/span><\/label>\n<\/p>\n<p><label>Je\u015bli ustalona przyczyna padni\u0119cia wpisa\u0107 tutaj<br \/>\n<span class=\"wpcf7-form-control-wrap\" data-name=\"ustalona\"><input size=\"40\" maxlength=\"400\" class=\"wpcf7-form-control wpcf7-text\" aria-invalid=\"false\" value=\"\" type=\"text\" name=\"ustalona\" \/><\/span><\/label>\n<\/p>\n<p><label>Numer gospodarstwa*<br \/>\n<span class=\"wpcf7-form-control-wrap\" data-name=\"gospodarstwo\"><input size=\"40\" maxlength=\"400\" class=\"wpcf7-form-control wpcf7-text wpcf7-validates-as-required\" aria-required=\"true\" aria-invalid=\"false\" value=\"\" type=\"text\" name=\"gospodarstwo\" \/><\/span><\/label>\n<\/p>\n<p><label>Zak\u0142ad utylizacyjny*<br \/>\n<span class=\"wpcf7-form-control-wrap\" data-name=\"zaklad\"><input size=\"40\" maxlength=\"400\" class=\"wpcf7-form-control wpcf7-text wpcf7-validates-as-required\" aria-required=\"true\" aria-invalid=\"false\" value=\"\" type=\"text\" name=\"zaklad\" \/><\/span><\/label>\n<\/p>\n<p><input class=\"wpcf7-form-control wpcf7-submit has-spinner\" type=\"submit\" value=\"Wy\u015blij\" \/>\n<\/p><div class=\"wpcf7-response-output\" aria-hidden=\"true\"><\/div>\n<\/form>\n<\/div>\n<\/div>\n","protected":false},"excerpt":{"rendered":"","protected":false},"author":1,"featured_media":0,"parent":0,"menu_order":0,"comment_status":"closed","ping_status":"closed","template":"","meta":{"footnotes":""},"class_list":["post-379","page","type-page","status-publish","hentry"],"yoast_head":"<!-- This site is optimized with the Yoast SEO plugin v21.6 - https:\/\/yoast.com\/wordpress\/plugins\/seo\/ -->\n<title>Zg\u0142aszanie pad\u0142ych sztuk byd\u0142a, owiec i k\u00f3z -<\/title>\n<meta name=\"robots\" content=\"index, follow, max-snippet:-1, max-image-preview:large, max-video-preview:-1\" \/>\n<link rel=\"canonical\" href=\"https:\/\/pruszkow.wetgiw.gov.pl\/?page_id=379\" \/>\n<meta property=\"og:locale\" content=\"pl_PL\" \/>\n<meta property=\"og:type\" content=\"article\" \/>\n<meta property=\"og:title\" content=\"Zg\u0142aszanie pad\u0142ych sztuk byd\u0142a, owiec i k\u00f3z -\" \/>\n<meta property=\"og:url\" content=\"https:\/\/pruszkow.wetgiw.gov.pl\/?page_id=379\" \/>\n<meta property=\"article:modified_time\" content=\"2026-03-18T11:15:43+00:00\" \/>\n<meta name=\"twitter:card\" content=\"summary_large_image\" \/>\n<meta name=\"twitter:label1\" content=\"Szacowany czas czytania\" \/>\n\t<meta name=\"twitter:data1\" content=\"1 minuta\" \/>\n<script type=\"application\/ld+json\" class=\"yoast-schema-graph\">{\"@context\":\"https:\/\/schema.org\",\"@graph\":[{\"@type\":\"WebPage\",\"@id\":\"https:\/\/pruszkow.wetgiw.gov.pl\/?page_id=379\",\"url\":\"https:\/\/pruszkow.wetgiw.gov.pl\/?page_id=379\",\"name\":\"Zg\u0142aszanie pad\u0142ych sztuk byd\u0142a, owiec i k\u00f3z -\",\"isPartOf\":{\"@id\":\"https:\/\/pruszkow.wetgiw.gov.pl\/#website\"},\"datePublished\":\"2026-03-18T11:15:42+00:00\",\"dateModified\":\"2026-03-18T11:15:43+00:00\",\"breadcrumb\":{\"@id\":\"https:\/\/pruszkow.wetgiw.gov.pl\/?page_id=379#breadcrumb\"},\"inLanguage\":\"pl-PL\",\"potentialAction\":[{\"@type\":\"ReadAction\",\"target\":[\"https:\/\/pruszkow.wetgiw.gov.pl\/?page_id=379\"]}]},{\"@type\":\"BreadcrumbList\",\"@id\":\"https:\/\/pruszkow.wetgiw.gov.pl\/?page_id=379#breadcrumb\",\"itemListElement\":[{\"@type\":\"ListItem\",\"position\":1,\"name\":\"Home\",\"item\":\"https:\/\/pruszkow.wetgiw.gov.pl\/\"},{\"@type\":\"ListItem\",\"position\":2,\"name\":\"Zg\u0142aszanie pad\u0142ych sztuk byd\u0142a, owiec i k\u00f3z\"}]},{\"@type\":\"WebSite\",\"@id\":\"https:\/\/pruszkow.wetgiw.gov.pl\/#website\",\"url\":\"https:\/\/pruszkow.wetgiw.gov.pl\/\",\"name\":\"\",\"description\":\"\",\"potentialAction\":[{\"@type\":\"SearchAction\",\"target\":{\"@type\":\"EntryPoint\",\"urlTemplate\":\"https:\/\/pruszkow.wetgiw.gov.pl\/?s={search_term_string}\"},\"query-input\":\"required name=search_term_string\"}],\"inLanguage\":\"pl-PL\"}]}<\/script>\n<!-- \/ Yoast SEO plugin. -->","yoast_head_json":{"title":"Zg\u0142aszanie pad\u0142ych sztuk byd\u0142a, owiec i k\u00f3z -","robots":{"index":"index","follow":"follow","max-snippet":"max-snippet:-1","max-image-preview":"max-image-preview:large","max-video-preview":"max-video-preview:-1"},"canonical":"https:\/\/pruszkow.wetgiw.gov.pl\/?page_id=379","og_locale":"pl_PL","og_type":"article","og_title":"Zg\u0142aszanie pad\u0142ych sztuk byd\u0142a, owiec i k\u00f3z -","og_url":"https:\/\/pruszkow.wetgiw.gov.pl\/?page_id=379","article_modified_time":"2026-03-18T11:15:43+00:00","twitter_card":"summary_large_image","twitter_misc":{"Szacowany czas czytania":"1 minuta"},"schema":{"@context":"https:\/\/schema.org","@graph":[{"@type":"WebPage","@id":"https:\/\/pruszkow.wetgiw.gov.pl\/?page_id=379","url":"https:\/\/pruszkow.wetgiw.gov.pl\/?page_id=379","name":"Zg\u0142aszanie pad\u0142ych sztuk byd\u0142a, owiec i k\u00f3z -","isPartOf":{"@id":"https:\/\/pruszkow.wetgiw.gov.pl\/#website"},"datePublished":"2026-03-18T11:15:42+00:00","dateModified":"2026-03-18T11:15:43+00:00","breadcrumb":{"@id":"https:\/\/pruszkow.wetgiw.gov.pl\/?page_id=379#breadcrumb"},"inLanguage":"pl-PL","potentialAction":[{"@type":"ReadAction","target":["https:\/\/pruszkow.wetgiw.gov.pl\/?page_id=379"]}]},{"@type":"BreadcrumbList","@id":"https:\/\/pruszkow.wetgiw.gov.pl\/?page_id=379#breadcrumb","itemListElement":[{"@type":"ListItem","position":1,"name":"Home","item":"https:\/\/pruszkow.wetgiw.gov.pl\/"},{"@type":"ListItem","position":2,"name":"Zg\u0142aszanie pad\u0142ych sztuk byd\u0142a, owiec i k\u00f3z"}]},{"@type":"WebSite","@id":"https:\/\/pruszkow.wetgiw.gov.pl\/#website","url":"https:\/\/pruszkow.wetgiw.gov.pl\/","name":"","description":"","potentialAction":[{"@type":"SearchAction","target":{"@type":"EntryPoint","urlTemplate":"https:\/\/pruszkow.wetgiw.gov.pl\/?s={search_term_string}"},"query-input":"required name=search_term_string"}],"inLanguage":"pl-PL"}]}},"_links":{"self":[{"href":"https:\/\/pruszkow.wetgiw.gov.pl\/index.php?rest_route=\/wp\/v2\/pages\/379","targetHints":{"allow":["GET"]}}],"collection":[{"href":"https:\/\/pruszkow.wetgiw.gov.pl\/index.php?rest_route=\/wp\/v2\/pages"}],"about":[{"href":"https:\/\/pruszkow.wetgiw.gov.pl\/index.php?rest_route=\/wp\/v2\/types\/page"}],"author":[{"embeddable":true,"href":"https:\/\/pruszkow.wetgiw.gov.pl\/index.php?rest_route=\/wp\/v2\/users\/1"}],"replies":[{"embeddable":true,"href":"https:\/\/pruszkow.wetgiw.gov.pl\/index.php?rest_route=%2Fwp%2Fv2%2Fcomments&post=379"}],"version-history":[{"count":2,"href":"https:\/\/pruszkow.wetgiw.gov.pl\/index.php?rest_route=\/wp\/v2\/pages\/379\/revisions"}],"predecessor-version":[{"id":382,"href":"https:\/\/pruszkow.wetgiw.gov.pl\/index.php?rest_route=\/wp\/v2\/pages\/379\/revisions\/382"}],"wp:attachment":[{"href":"https:\/\/pruszkow.wetgiw.gov.pl\/index.php?rest_route=%2Fwp%2Fv2%2Fmedia&parent=379"}],"curies":[{"name":"wp","href":"https:\/\/api.w.org\/{rel}","templated":true}]}}