{"id":36,"date":"2023-12-06T09:22:19","date_gmt":"2023-12-06T08:22:19","guid":{"rendered":"https:\/\/pruszkow.wetgiw.gov.pl\/?page_id=36"},"modified":"2023-12-06T09:22:19","modified_gmt":"2023-12-06T08:22:19","slug":"deklaracja-dostepnosci","status":"publish","type":"page","link":"https:\/\/pruszkow.wetgiw.gov.pl\/?page_id=36","title":{"rendered":"Deklaracja dost\u0119pno\u015bci"},"content":{"rendered":"\n<p>Powiatowy Inspektorat Weterynarii w Pruszkowie&nbsp;zobowi\u0105zuje si\u0119 zapewni\u0107 dost\u0119pno\u015b\u0107 swojej strony internetowej zgodnie z ustaw\u0105 z dnia 4 kwietnia 2019 r.<br>o dost\u0119pno\u015bci cyfrowej stron internetowych i aplikacji mobilnych podmiot\u00f3w publicznych. O\u015bwiadczenie w sprawie dost\u0119pno\u015bci ma zastosowanie do strony internetowej&nbsp;<a href=\"http:\/\/www.pruszkow.wetgiw.gov.pl\/\">Powiatowego Inspektoratu Weterynarii w Pruszkowie<\/a>.<\/p>\n\n\n\n<p>Data publikacji strony internetowej: :\u00a02021.03.26.\u00a0Data ostatniej istotnej aktualizacji:\u00a02023-12-06.<\/p>\n\n\n\n<p>Strona internetowa jest cz\u0119\u015bciowo zgodna z ustaw\u0105 z dnia 4 kwietnia 2019 r.<br>o dost\u0119pno\u015bci cyfrowej stron internetowych i aplikacji mobilnych podmiot\u00f3w publicznych z powodu niezgodno\u015bci lub wy\u0142\u0105cze\u0144 wymienionych poni\u017cej:<\/p>\n\n\n\n<ul class=\"wp-block-list\">\n<li>filmy nie posiadaj\u0105 napis\u00f3w dla os\u00f3b g\u0142uchych,<\/li>\n\n\n\n<li>cz\u0119\u015b\u0107 plik\u00f3w nie jest dost\u0119pnych cyfrowo,<\/li>\n\n\n\n<li>brak mo\u017cliwo\u015bci realizacji niekt\u00f3rych funkcji przy wykorzystaniu jedynie klawiatury<\/li>\n<\/ul>\n\n\n\n<p>Wy\u0142\u0105czenia:<\/p>\n\n\n\n<ul class=\"wp-block-list\">\n<li>mapy s\u0105 wy\u0142\u0105czone z obowi\u0105zku zapewniania dost\u0119pno\u015bci,<\/li>\n\n\n\n<li>filmy zosta\u0142y opublikowane przed wej\u015bciem w \u017cycie ustawy o dost\u0119pno\u015bci cyfrowej.<\/li>\n<\/ul>\n\n\n\n<p>O\u015bwiadczenie sporz\u0105dzono dnia&nbsp;2021-03-30. Deklaracj\u0119 sporz\u0105dzono na podstawie samooceny przeprowadzonej przez podmiot publiczny.<\/p>\n\n\n\n<h2 class=\"wp-block-heading\" id=\"\u201ea11y-kontakt\u201d\"><strong>Informacje zwrotne i dane kontaktowe<\/strong><\/h2>\n\n\n\n<p>W przypadku problem\u00f3w z dost\u0119pno\u015bci\u0105 strony internetowej, &nbsp;prosimy o kontakt z&nbsp;Pani\u0105&nbsp;Mari\u0105 Pozoro\u0144sk\u0105: e:mail:&nbsp;&nbsp;<a href=\"mailto:maria.pozoronska@safeguard.com.pl\">maria.pozoronska@safeguard.com.pl<\/a>., tel.&nbsp;60927235. T\u0105 sam\u0105 drog\u0105 mo\u017cna sk\u0142ada\u0107 wnioski o udost\u0119pnienie informacji niedost\u0119pnej oraz sk\u0142ada\u0107 \u017c\u0105dania zapewnienia dost\u0119pno\u015bci.<\/p>\n\n\n\n<p id=\"\u201da11y-procedura\u201d\">Ka\u017cdy ma prawo do wyst\u0105pienia z \u017c\u0105daniem zapewnienia dost\u0119pno\u015bci cyfrowej strony internetowej, aplikacji mobilnej lub jakiego\u015b ich elementu. Mo\u017cna tak\u017ce za\u017c\u0105da\u0107 udost\u0119pnienia informacji za pomoc\u0105 alternatywnego sposobu dost\u0119pu, na przyk\u0142ad przez odczytanie niedost\u0119pnego cyfrowo dokumentu, opisanie zawarto\u015bci filmu bez audiodeskrypcji itp. \u017b\u0105danie powinno zawiera\u0107 dane osoby zg\u0142aszaj\u0105cej \u017c\u0105danie, wskazanie, o kt\u00f3r\u0105 stron\u0119 internetow\u0105 lub aplikacj\u0119 mobiln\u0105 chodzi oraz spos\u00f3b kontaktu. Je\u017celi osoba \u017c\u0105daj\u0105ca zg\u0142asza potrzeb\u0119 otrzymania informacji za pomoc\u0105 alternatywnego sposobu dost\u0119pu,, powinna tak\u017ce okre\u015bli\u0107 dogodny dla niej spos\u00f3b przedstawienia tej informacji. Podmiot publiczny powinien zrealizowa\u0107 \u017c\u0105danie niezw\u0142ocznie, nie p\u00f3\u017aniej ni\u017c w ci\u0105gu 7 dni od dnia wyst\u0105pienia z \u017c\u0105daniem. Je\u017celi dotrzymanie tego terminu nie jest mo\u017cliwe, podmiot publiczny niezw\u0142ocznie informuje o tym wnosz\u0105cego \u017c\u0105danie, kiedy realizacja \u017c\u0105dania b\u0119dzie mo\u017cliwa, przy czym termin ten nie mo\u017ce by\u0107 d\u0142u\u017cszy ni\u017c 2 miesi\u0105ce od dnia wyst\u0105pienia z \u017c\u0105daniem. Je\u017celi zapewnienie dost\u0119pno\u015bci cyfrowej nie jest mo\u017cliwe, podmiot publiczny mo\u017ce zaproponowa\u0107 alternatywny spos\u00f3b dost\u0119pu do informacji. W przypadku, gdy podmiot publiczny odm\u00f3wi realizacji \u017c\u0105dania zapewnienia dost\u0119pno\u015bci lub alternatywnego sposobu dost\u0119pu do informacji, wnosz\u0105cy \u017c\u0105danie mo\u017cne z\u0142o\u017cy\u0107 skarg\u0119 w sprawie zapewniana dost\u0119pno\u015bci cyfrowej strony internetowej, aplikacji mobilnej lub elementu strony internetowej, lub aplikacji mobilnej. Po wyczerpaniu wskazanej wy\u017cej procedury mo\u017cna tak\u017ce z\u0142o\u017cy\u0107 wniosek do Rzecznika Praw Obywatelskich.<\/p>\n\n\n\n<p>Link do strony internetowej&nbsp;<a href=\"https:\/\/www.rpo.gov.pl\/\">Rzecznika Praw Obywatelskich<\/a>.<\/p>\n\n\n\n<h2 class=\"wp-block-heading\"><strong>Dost\u0119pno\u015b\u0107 architektoniczna<\/strong><\/h2>\n\n\n\n<p><strong>Opis dost\u0119pno\u015bci wej\u015bcia do budynku i przechodzenia przez obszary kontroli.<\/strong><\/p>\n\n\n\n<p>Budynek PIW w Pruszkowie to budynek pi\u0119trowy, bez windy, po\u0142o\u017cony na rozleg\u0142ej dzia\u0142ce w Pruszkowie w okolicy g\u0142\u00f3wnych dr\u00f3g. Dojecha\u0107 do Inspektoratu mo\u017cna komunikacj\u0105 publiczn\u0105 oraz samochodem. Budynek jest wyra\u017anie oznakowany, przy bramie jak i przy wej\u015bciu do budynku znajduje si\u0119 tablica informacyjna.<\/p>\n\n\n\n<p>Teren dzia\u0142ki jest p\u0142aski, droga prowadz\u0105ca od ogrodzenia do budynku jest r\u00f3wna (beton), wzd\u0142u\u017c drogi wprowadzono oznaczenia wskazuj\u0105ce wej\u015bcie do budynku . Drzwi wej\u015bciowe do budynku o szeroko\u015bci 85 cm s\u0105 manualne, przy drzwiach znajduje si\u0119 niewielki oznaczony fakturowo i kontrastowo spadek (11 cm). U\u017cycie domofonu jak i otwarcie drzwi sygnalizowane jest g\u0142osowo i wibracyjnie. W zwi\u0105zku z brakiem pe\u0142nego dostosowania (spadek przy wej\u015bciu do budynku, schody, zbyt w\u0105skie drzwi) oraz z brakiem mo\u017cliwo\u015bci przebudowy, wynikaj\u0105cej z planowania budowy nowej siedziby, zastosowano dodatkowe elementy pozwalaj\u0105ce na dost\u0119p osobom rozumiany, jako dodatkowe wsparcie pracownika. W celu skorzystania ze wsparcia pracownika nale\u017cy u\u017cy\u0107 zamontowanego przy drzwiach dodatkowego przycisku domofonu. Przycisk ten zamontowano na wysoko\u015bci 1,2 m a tak\u017ce oznaczono kontrastowo i fakturowo. W ramach zapewnienia alternatywnego dost\u0119pu na budynku zamontowano r\u00f3wnie\u017c skrzynk\u0119 podawcz\u0105.<\/p>\n\n\n\n<p><strong>Opis dost\u0119pno\u015bci korytarzy, schod\u00f3w i wind.<\/strong><\/p>\n\n\n\n<p>Inspektorat znajduje si\u0119 w budynku na wysokim parterze (r\u00f3\u017cnica 4 stopni) oraz pi\u0119trze. Drzwi wewn\u0119trzne prowadz\u0105ce bezpo\u015brednio do pomieszcze\u0144 Inspektoratu s\u0105 manualne. Schody s\u0105 r\u00f3wne, oznaczono kontrastowo, fakturowo i zabezpieczone ta\u015bm\u0105 antypo\u015blizgow\u0105. Przy drzwiach znajduje si\u0119 domofon na wysoko\u015bci 1,5 m, na drzwiach znajduje si\u0119 du\u017ca, wypuk\u0142a nazwa Powiatowy Inspektorat Weterynarii w Pruszkowie. Szeroko\u015b\u0107 holu, korytarzy i aran\u017cacja przestrzeni zapewnia tras\u0119 woln\u0105 od przeszk\u00f3d.<\/p>\n\n\n\n<p><strong>Opis dostosowa\u0144, na przyk\u0142ad pochylni, platform, informacji g\u0142osowych, p\u0119tlach indukcyjnych.<\/strong><\/p>\n\n\n\n<p>W Inspektoracie nie ma p\u0119tli indukcyjnych, nie ma oznacze\u0144 w alfabecie brajla, nie ma powi\u0119kszonych napis\u00f3w z wy\u0142\u0105czeniem nazwy na drzwiach wewn\u0119trznych. W przypadku oznacze\u0144 dr\u00f3g ewakuacyjnych oraz takich pomieszcze\u0144 jak Sekretariat, Sala Konferencyjna, Toaleta zastosowano tabliczki z wypuk\u0142\u0105 czcionk\u0105.<\/p>\n\n\n\n<p>Inspektorat wyposa\u017cony jest w toalet\u0119, kt\u00f3ra z racji swojej wielko\u015bci nie jest dostosowana dla os\u00f3b z niepe\u0142nosprawno\u015bciami.<\/p>\n\n\n\n<p><strong>Informacje o miejscu i sposobie korzystania z miejsc parkingowych wyznaczonych dla os\u00f3b niepe\u0142nosprawnych.<\/strong><\/p>\n\n\n\n<p>Mo\u017cliwy jest wjazd na teren posesji i parkowanie samochod\u00f3w w okolicy budynku. Na parkingu nie wydzielono miejsc parkingowych dla os\u00f3b z niepe\u0142nosprawno\u015bci\u0105.<\/p>\n\n\n\n<p><strong>Informacja o prawie wst\u0119pu z psem asystuj\u0105cym i ewentualnych uzasadnionych ograniczeniach.<\/strong><\/p>\n\n\n\n<p>Do budynku i wszystkich jego pomieszcze\u0144 mo\u017cna wej\u015b\u0107 z psem asystuj\u0105cym lub psem przewodnikiem.<\/p>\n","protected":false},"excerpt":{"rendered":"<p>Powiatowy Inspektorat Weterynarii w Pruszkowie&nbsp;zobowi\u0105zuje si\u0119 zapewni\u0107 dost\u0119pno\u015b\u0107 swojej strony internetowej zgodnie z ustaw\u0105 z dnia 4 kwietnia 2019 r.o dost\u0119pno\u015bci cyfrowej stron internetowych i aplikacji mobilnych podmiot\u00f3w publicznych. O\u015bwiadczenie w sprawie dost\u0119pno\u015bci ma zastosowanie do strony internetowej&nbsp;Powiatowego Inspektoratu Weterynarii &hellip; <a href=\"https:\/\/pruszkow.wetgiw.gov.pl\/?page_id=36\">Czytaj dalej <span class=\"meta-nav\">&rarr;<\/span><\/a><\/p>\n","protected":false},"author":1,"featured_media":0,"parent":0,"menu_order":0,"comment_status":"closed","ping_status":"closed","template":"","meta":{"footnotes":""},"class_list":["post-36","page","type-page","status-publish","hentry"],"yoast_head":"<!-- This site is optimized with the Yoast SEO plugin v21.6 - https:\/\/yoast.com\/wordpress\/plugins\/seo\/ -->\n<title>Deklaracja dost\u0119pno\u015bci -<\/title>\n<meta name=\"robots\" content=\"index, follow, max-snippet:-1, max-image-preview:large, max-video-preview:-1\" \/>\n<link rel=\"canonical\" href=\"https:\/\/pruszkow.wetgiw.gov.pl\/?page_id=36\" \/>\n<meta property=\"og:locale\" content=\"pl_PL\" \/>\n<meta property=\"og:type\" content=\"article\" \/>\n<meta property=\"og:title\" content=\"Deklaracja dost\u0119pno\u015bci -\" \/>\n<meta property=\"og:description\" content=\"Powiatowy Inspektorat Weterynarii w Pruszkowie&nbsp;zobowi\u0105zuje si\u0119 zapewni\u0107 dost\u0119pno\u015b\u0107 swojej strony internetowej zgodnie z ustaw\u0105 z dnia 4 kwietnia 2019 r.o dost\u0119pno\u015bci cyfrowej stron internetowych i aplikacji mobilnych podmiot\u00f3w publicznych. O\u015bwiadczenie w sprawie dost\u0119pno\u015bci ma zastosowanie do strony internetowej&nbsp;Powiatowego Inspektoratu Weterynarii &hellip; Czytaj dalej &rarr;\" \/>\n<meta property=\"og:url\" content=\"https:\/\/pruszkow.wetgiw.gov.pl\/?page_id=36\" \/>\n<meta name=\"twitter:card\" content=\"summary_large_image\" \/>\n<meta name=\"twitter:label1\" content=\"Szacowany czas czytania\" \/>\n\t<meta name=\"twitter:data1\" content=\"5 minut\" \/>\n<script type=\"application\/ld+json\" class=\"yoast-schema-graph\">{\"@context\":\"https:\/\/schema.org\",\"@graph\":[{\"@type\":\"WebPage\",\"@id\":\"https:\/\/pruszkow.wetgiw.gov.pl\/?page_id=36\",\"url\":\"https:\/\/pruszkow.wetgiw.gov.pl\/?page_id=36\",\"name\":\"Deklaracja dost\u0119pno\u015bci -\",\"isPartOf\":{\"@id\":\"https:\/\/pruszkow.wetgiw.gov.pl\/#website\"},\"datePublished\":\"2023-12-06T08:22:19+00:00\",\"dateModified\":\"2023-12-06T08:22:19+00:00\",\"breadcrumb\":{\"@id\":\"https:\/\/pruszkow.wetgiw.gov.pl\/?page_id=36#breadcrumb\"},\"inLanguage\":\"pl-PL\",\"potentialAction\":[{\"@type\":\"ReadAction\",\"target\":[\"https:\/\/pruszkow.wetgiw.gov.pl\/?page_id=36\"]}]},{\"@type\":\"BreadcrumbList\",\"@id\":\"https:\/\/pruszkow.wetgiw.gov.pl\/?page_id=36#breadcrumb\",\"itemListElement\":[{\"@type\":\"ListItem\",\"position\":1,\"name\":\"Home\",\"item\":\"https:\/\/pruszkow.wetgiw.gov.pl\/\"},{\"@type\":\"ListItem\",\"position\":2,\"name\":\"Deklaracja dost\u0119pno\u015bci\"}]},{\"@type\":\"WebSite\",\"@id\":\"https:\/\/pruszkow.wetgiw.gov.pl\/#website\",\"url\":\"https:\/\/pruszkow.wetgiw.gov.pl\/\",\"name\":\"\",\"description\":\"\",\"potentialAction\":[{\"@type\":\"SearchAction\",\"target\":{\"@type\":\"EntryPoint\",\"urlTemplate\":\"https:\/\/pruszkow.wetgiw.gov.pl\/?s={search_term_string}\"},\"query-input\":\"required name=search_term_string\"}],\"inLanguage\":\"pl-PL\"}]}<\/script>\n<!-- \/ Yoast SEO plugin. -->","yoast_head_json":{"title":"Deklaracja dost\u0119pno\u015bci -","robots":{"index":"index","follow":"follow","max-snippet":"max-snippet:-1","max-image-preview":"max-image-preview:large","max-video-preview":"max-video-preview:-1"},"canonical":"https:\/\/pruszkow.wetgiw.gov.pl\/?page_id=36","og_locale":"pl_PL","og_type":"article","og_title":"Deklaracja dost\u0119pno\u015bci -","og_description":"Powiatowy Inspektorat Weterynarii w Pruszkowie&nbsp;zobowi\u0105zuje si\u0119 zapewni\u0107 dost\u0119pno\u015b\u0107 swojej strony internetowej zgodnie z ustaw\u0105 z dnia 4 kwietnia 2019 r.o dost\u0119pno\u015bci cyfrowej stron internetowych i aplikacji mobilnych podmiot\u00f3w publicznych. O\u015bwiadczenie w sprawie dost\u0119pno\u015bci ma zastosowanie do strony internetowej&nbsp;Powiatowego Inspektoratu Weterynarii &hellip; Czytaj dalej &rarr;","og_url":"https:\/\/pruszkow.wetgiw.gov.pl\/?page_id=36","twitter_card":"summary_large_image","twitter_misc":{"Szacowany czas czytania":"5 minut"},"schema":{"@context":"https:\/\/schema.org","@graph":[{"@type":"WebPage","@id":"https:\/\/pruszkow.wetgiw.gov.pl\/?page_id=36","url":"https:\/\/pruszkow.wetgiw.gov.pl\/?page_id=36","name":"Deklaracja dost\u0119pno\u015bci -","isPartOf":{"@id":"https:\/\/pruszkow.wetgiw.gov.pl\/#website"},"datePublished":"2023-12-06T08:22:19+00:00","dateModified":"2023-12-06T08:22:19+00:00","breadcrumb":{"@id":"https:\/\/pruszkow.wetgiw.gov.pl\/?page_id=36#breadcrumb"},"inLanguage":"pl-PL","potentialAction":[{"@type":"ReadAction","target":["https:\/\/pruszkow.wetgiw.gov.pl\/?page_id=36"]}]},{"@type":"BreadcrumbList","@id":"https:\/\/pruszkow.wetgiw.gov.pl\/?page_id=36#breadcrumb","itemListElement":[{"@type":"ListItem","position":1,"name":"Home","item":"https:\/\/pruszkow.wetgiw.gov.pl\/"},{"@type":"ListItem","position":2,"name":"Deklaracja dost\u0119pno\u015bci"}]},{"@type":"WebSite","@id":"https:\/\/pruszkow.wetgiw.gov.pl\/#website","url":"https:\/\/pruszkow.wetgiw.gov.pl\/","name":"","description":"","potentialAction":[{"@type":"SearchAction","target":{"@type":"EntryPoint","urlTemplate":"https:\/\/pruszkow.wetgiw.gov.pl\/?s={search_term_string}"},"query-input":"required name=search_term_string"}],"inLanguage":"pl-PL"}]}},"_links":{"self":[{"href":"https:\/\/pruszkow.wetgiw.gov.pl\/index.php?rest_route=\/wp\/v2\/pages\/36","targetHints":{"allow":["GET"]}}],"collection":[{"href":"https:\/\/pruszkow.wetgiw.gov.pl\/index.php?rest_route=\/wp\/v2\/pages"}],"about":[{"href":"https:\/\/pruszkow.wetgiw.gov.pl\/index.php?rest_route=\/wp\/v2\/types\/page"}],"author":[{"embeddable":true,"href":"https:\/\/pruszkow.wetgiw.gov.pl\/index.php?rest_route=\/wp\/v2\/users\/1"}],"replies":[{"embeddable":true,"href":"https:\/\/pruszkow.wetgiw.gov.pl\/index.php?rest_route=%2Fwp%2Fv2%2Fcomments&post=36"}],"version-history":[{"count":1,"href":"https:\/\/pruszkow.wetgiw.gov.pl\/index.php?rest_route=\/wp\/v2\/pages\/36\/revisions"}],"predecessor-version":[{"id":37,"href":"https:\/\/pruszkow.wetgiw.gov.pl\/index.php?rest_route=\/wp\/v2\/pages\/36\/revisions\/37"}],"wp:attachment":[{"href":"https:\/\/pruszkow.wetgiw.gov.pl\/index.php?rest_route=%2Fwp%2Fv2%2Fmedia&parent=36"}],"curies":[{"name":"wp","href":"https:\/\/api.w.org\/{rel}","templated":true}]}}