{"id":32,"date":"2023-12-06T09:19:03","date_gmt":"2023-12-06T08:19:03","guid":{"rendered":"https:\/\/pruszkow.wetgiw.gov.pl\/?page_id=32"},"modified":"2026-04-16T09:56:20","modified_gmt":"2026-04-16T07:56:20","slug":"do-pobrania","status":"publish","type":"page","link":"https:\/\/pruszkow.wetgiw.gov.pl\/?page_id=32","title":{"rendered":"Do pobrania"},"content":{"rendered":"\n<p class=\"has-text-align-center\"><mark style=\"background-color:rgba(0, 0, 0, 0);color:#fd0000\" class=\"has-inline-color\"><strong>Drogi z\u0142o\u017cenia wniosk\u00f3w i zg\u0142osze\u0144:<\/strong><br><strong>podpisanie dokumentu podpisem zaufanym lub kwalifikowanym oraz przes\u0142anie za po\u015brednictwem e-dor\u0119cze\u0144,<\/strong><br><strong>lub<\/strong><br><strong>dostarczenie dokumentu w formie papierowej do Powiatowego Inspektoratu Weterynarii w Pruszkowie.<\/strong><br><strong>Wnioski przesy\u0142ane mailowo na adresy poczty elektronicznej Powiatowego Inspektoratu Weterynarii w Pruszkowie nie b\u0119d\u0105 rozpatrywane<\/strong><\/mark><\/p>\n\n\n\n<hr class=\"wp-block-separator has-alpha-channel-opacity\"\/>\n\n\n\n<p><strong>OG\u00d3LNE:&nbsp;<\/strong><\/p>\n\n\n\n<ul class=\"wp-block-list\">\n<li><a href=\"https:\/\/pruszkow.wetgiw.gov.pl\/wp-content\/uploads\/2026\/03\/wniosek.pdf\">Zg\u0142oszenie rozpocz\u0119cia\/zaprzestania\/aktualizacja danych* dzia\u0142alno\u015bci podlegaj\u0105cej nadzorowi Inspekcji Weterynaryjnej w zakresie rejestracji zak\u0142ad\u00f3w<\/a><\/li>\n\n\n\n<li><a href=\"https:\/\/pruszkow.wetgiw.gov.pl\/wp-content\/uploads\/2026\/04\/Wzor-uzupelnionego-zgloszenia-rozpoczecia_zaprzestania_aktualizacja-danych-dzialalnosci-podlegajacej-nadzorowi-Inspekcji-Weterynaryjnej-w-zakresie-rejestracji-zakladow.pdf\">Wz\u00f3r uzupe\u0142nionego zg\u0142oszenia rozpocz\u0119cia zaprzestania aktualizacja danych dzia\u0142alno\u015bci podlegaj\u0105cej nadzorowi Inspekcji Weterynaryjnej w zakresie rejestracji zak\u0142ad\u00f3w<\/a><\/li>\n\n\n\n<li><a href=\"http:\/\/www.pruszkow.wetgiw.gov.pl\/images\/180920.doc\">Pe\u0142nomocnictwo do reprezentowania strony przed Powiatowym Lekarzem Weterynarii<\/a><\/li>\n\n\n\n<li><a href=\"https:\/\/pruszkow.wetgiw.gov.pl\/wp-content\/uploads\/2026\/04\/Oplaty.pdf\">Op\u0142aty<\/a><\/li>\n\n\n\n<li><a href=\"http:\/\/www.pruszkow.wetgiw.gov.pl\/images\/1702.pdf\">Og\u00f3lny schemat kontroli urz\u0119dowych przeprowadzanych przez Inspekcj\u0119 Weterynaryjn\u0105&nbsp;<\/a><\/li>\n\n\n\n<li><a href=\"https:\/\/pruszkow.wetgiw.gov.pl\/wp-content\/uploads\/2023\/12\/1406.doc\">Klauzula informacyjna o przetwarzaniu danych osobowych<\/a><\/li>\n\n\n\n<li><a href=\"http:\/\/www.pruszkow.wetgiw.gov.pl\/images\/11061.doc\">Klauzula informacyjna dla os\u00f3b fizycznych wpisywanych do rejestr\u00f3w, wykaz\u00f3w i list prowadzonych przez Inspekcj\u0119 Weterynaryjn\u0105<\/a><\/li>\n\n\n\n<li><a href=\"http:\/\/piw-pruszkow.home.pl\/autoinstalator\/wordpress\/wp-content\/uploads\/2021\/06\/0206.pdf\">Regulamin organizacyjny<\/a><\/li>\n\n\n\n<li><a href=\"http:\/\/piw-pruszkow.home.pl\/autoinstalator\/wordpress\/wp-content\/uploads\/2022\/08\/GIW.OHI_.071.2.2022.JB-.pdf\">nowy wz\u00f3r o\u015bwiadzenia o zako\u0144czeniu\/zawieszeniu dzia\u0142alno\u015bci &#8211; hodowla zwierz\u0105t, targi, pokazy, konkursy, rze\u017anie, po\u015brednicy, obr\u00f3t<\/a><\/li>\n<\/ul>\n\n\n\n<p class=\"has-text-align-left\"><strong>Rejestracja hodowli ps\u00f3w, kot\u00f3w i fretek \u2013 wymagane dokumenty<\/strong><\/p>\n\n\n\n<p class=\"has-text-align-center\">W celu rejestracji hodowli ps\u00f3w, kot\u00f3w lub fretek nale\u017cy z\u0142o\u017cy\u0107 nast\u0119puj\u0105ce dokumenty:<br> <a href=\"https:\/\/pruszkow.wetgiw.gov.pl\/wp-content\/uploads\/2026\/03\/wniosek.pdf\">Zg\u0142oszenie rozpocz\u0119cia\/zaprzestania\/aktualizacji danych dzia\u0142alno\u015bci podlegaj\u0105cej nadzorowi Inspekcji Weterynaryjnej w zakresie rejestracji zak\u0142ad\u00f3w.<\/a> <br>oraz<br><a href=\"https:\/\/pruszkow.wetgiw.gov.pl\/wp-content\/uploads\/2026\/04\/wykaz-zwierzat-w-hodowli.docx\">Wykaz zwierz\u0105t w hodowli.<\/a><br>Potwierdzenie wniesienia op\u0142aty skarbowej w wysoko\u015bci 10 z\u0142 \u2013 wp\u0142aty nale\u017cy dokona\u0107 na konto Urz\u0119du Miasta Pruszkowa.<br>Informacj\u0119 dotycz\u0105c\u0105 rejestracji hodowli \/ przydomka hodowlanego w zwi\u0105zku, fundacji lub stowarzyszeniu (kopia dokumentu).<br>Dokumenty nale\u017cy z\u0142o\u017cy\u0107 w formie papierowej w siedzibie urz\u0119du lub przes\u0142a\u0107 zgodnie z obowi\u0105zuj\u0105cymi zasadami sk\u0142adania wniosk\u00f3w.<br>W przypadku brak\u00f3w formalnych wnioskodawca zostanie wezwany do ich uzupe\u0142nienia.<\/p>\n\n\n\n<p><strong>Wyw\u00f3z z Polski poza teren UE<\/strong><\/p>\n\n\n\n<p>&#8211; <strong><u>\u017bywno\u015b\u0107:&nbsp;<\/u><\/strong><\/p>\n\n\n\n<p><a href=\"https:\/\/www.wetgiw.gov.pl\/handel-eksport-import\/zywnosc-pochodzenia-zwierzecego-wywoz\">https:\/\/www.wetgiw.gov.pl\/handel-eksport-import\/zywnosc-pochodzenia-zwierzecego-wywoz<\/a><\/p>\n\n\n\n<p><strong>&#8211;<u>Pasze i uboczne produkty pochodzenia zwierz\u0119cego<\/u>:<\/strong><\/p>\n\n\n\n<p><a href=\"https:\/\/www.wetgiw.gov.pl\/handel-eksport-import\/produkty-pochodne-pasze-uboczne-produkty\">https:\/\/www.wetgiw.gov.pl\/handel-eksport-import\/produkty-pochodne-pasze-uboczne-produkty<\/a><br><br><a href=\"https:\/\/pruszkow.wetgiw.gov.pl\/wp-content\/uploads\/2025\/09\/Wniosek-o-swiadectwo-zdrowia-dla-produktow-poch-zwierzecego-PASZ-i-UPPZ.doc\">Wniosek o \u015bwiadectwo TRACES produkty poch. zwierz\u0119cego, pasze i UPPZ<\/a><\/p>\n\n\n\n<p><\/p>\n\n\n\n<p><strong>&#8211; <u>Zwierz\u0119ta i materia\u0142 biologiczny<\/u>:<\/strong><\/p>\n\n\n\n<p><a href=\"https:\/\/www.wetgiw.gov.pl\/handel-eksport-import\/zwierzeta\">https:\/\/www.wetgiw.gov.pl\/handel-eksport-import\/zwierzeta<\/a><\/p>\n\n\n\n<p><strong>&#8211; Wykaz weterynaryjnych \u015bwiadectw zdrowia w eksporcie do kraj\u00f3w trzecich:<\/strong><\/p>\n\n\n\n<p><a href=\"https:\/\/www.wetgiw.gov.pl\/handel-eksport-import\/wykaz-weterynaryjnych-swiadectw-zdrowia-w-eksporcie-do-krajow-trzecich\">https:\/\/www.wetgiw.gov.pl\/handel-eksport-import\/wykaz-weterynaryjnych-swiadectw-zdrowia-w-eksporcie-do-krajow-trzecich<\/a><\/p>\n\n\n\n<p><strong>WYSY\u0141KI ZWIERZAT \u2013 psy, koty, fretki, konie<\/strong><\/p>\n\n\n\n<ul class=\"wp-block-list\">\n<li><a href=\"https:\/\/pruszkow.wetgiw.gov.pl\/?page_id=60\">Wymagania<\/a><\/li>\n\n\n\n<li><a href=\"https:\/\/pruszkow.wetgiw.gov.pl\/wp-content\/uploads\/2024\/04\/2604.doc\">Wniosek &#8211; legalizacja paszportu dla zwierz\u0119cia towarzysz\u0105cego<\/a><\/li>\n\n\n\n<li><a href=\"https:\/\/pruszkow.wetgiw.gov.pl\/wp-content\/uploads\/2023\/12\/WniosekTRACES.doc\">Wniosek TRACES przemieszczenie zwierz\u0105t towarzysz\u0105cych w celach handlowych&nbsp;<\/a><\/li>\n\n\n\n<li><a href=\"https:\/\/pruszkow.wetgiw.gov.pl\/wp-content\/uploads\/2024\/12\/Wniosek-o-przemieszczenie-w-celach-niehandlowych-OGOLNY.doc\">Wniosek o przemieszczenie w celach niehandlowych \u2013 OG\u00d3LNY<\/a><\/li>\n\n\n\n<li><a href=\"https:\/\/pruszkow.wetgiw.gov.pl\/wp-content\/uploads\/2024\/10\/Wniosek-do-PLW-UKRAINA.doc\">Wniosek o przemieszczenie w celach niehandlowych na Ukrain\u0119<\/a><\/li>\n<\/ul>\n\n\n\n<p><\/p>\n\n\n\n<p><strong>CITES<\/strong><\/p>\n\n\n\n<ul class=\"wp-block-list\">\n<li><a href=\"https:\/\/pruszkow.wetgiw.gov.pl\/wp-content\/uploads\/2023\/12\/Wniosek-urodzenie-w-niewoli-CITES.doc\">Wniosku o wydanie za\u015bwiadczenia o urodzeniu w niewoli<\/a><\/li>\n<\/ul>\n\n\n\n<p><\/p>\n\n\n\n<p><strong>IDENTYFIKACJA I REJESTRACJA ZWIERZ\u0104T<\/strong>&nbsp;<\/p>\n\n\n\n<ul class=\"wp-block-list\">\n<li><a href=\"https:\/\/pruszkow.wetgiw.gov.pl\/wp-content\/uploads\/2023\/12\/KRB_bydlo.pdf\">Ksi\u0119ga rejestracji byd\u0142a&nbsp;<\/a><\/li>\n\n\n\n<li><a href=\"https:\/\/pruszkow.wetgiw.gov.pl\/wp-content\/uploads\/2023\/12\/KROK_kozy.pdf\">Ksi\u0119ga rejestracji owiec i k\u00f3z<\/a>&nbsp;<\/li>\n\n\n\n<li><a href=\"https:\/\/pruszkow.wetgiw.gov.pl\/wp-content\/uploads\/2023\/12\/KRS_swinie.pdf\">Ksi\u0119ga rejestracji \u015bwi\u0144<\/a><\/li>\n\n\n\n<li><a href=\"https:\/\/pruszkow.wetgiw.gov.pl\/wp-content\/uploads\/2023\/12\/kody20ras20owiec20i20kC3B3z.docx\">Kody ras owiec i k\u00f3z<\/a><\/li>\n<\/ul>\n\n\n\n<p><\/p>\n\n\n\n<p><strong>OCHRONA ZDROWIA ZWIERZ\u0104T I ZWALCZANIE CHOR\u00d3B ZAKA\u0179NYCH&nbsp;<\/strong>&nbsp;<\/p>\n\n\n\n<ul class=\"wp-block-list\">\n<li><a href=\"http:\/\/www.pruszkow.wetgiw.gov.pl\/images\/2811.doc\">Wniosek do Powiatowego Lekarza Weterynarii o zgod\u0119 na przemieszczenie \u015bwi\u0144<\/a>&nbsp;<\/li>\n\n\n\n<li><a href=\"http:\/\/www.pruszkow.wetgiw.gov.pl\/images\/06081.doc\">Wniosek do Powiatowego Lekarza Weterynarii o zgod\u0119 na przemieszczenie \u015bwi\u0144 przez punkt skupu<\/a>&nbsp;<\/li>\n\n\n\n<li><a href=\"http:\/\/www.pruszkow.wetgiw.gov.pl\/images\/06085.doc\">Wniosek o wydanie za\u015bwiadczenia potwierdzaj\u0105cego wpis pasieki do rejestru<\/a><\/li>\n\n\n\n<li><a href=\"https:\/\/pruszkow.wetgiw.gov.pl\/wp-content\/uploads\/2021\/08\/Wniosek-wolnosc-od-zakazenia-TB-EBB-Br-bydlo.doc\">Wniosek o uznanie byd\u0142a za wolne od zaka\u017cenia enzootycz\u0105 bia\u0142aczk\u0105 byd\u0142a, gru\u017alic\u0105, bruceloz\u0105<\/a><\/li>\n\n\n\n<li><a href=\"https:\/\/pruszkow.wetgiw.gov.pl\/wp-content\/uploads\/2021\/08\/Wniosek-wolnosc-od-zakazenia-Br-owce-i-kozy.doc\">Wniosek o uznanie owiec i k\u00f3z za wolne od zaka\u017cenia bruceloz\u0105.<\/a><\/li>\n\n\n\n<li><a href=\"https:\/\/pruszkow.wetgiw.gov.pl\/wp-content\/uploads\/2024\/04\/Wniosek-zaswiadczenie-o-ilosci-rodzin-pszczelich-do-ARiMR.doc\">Wniosek &#8211; za\u015bwiadczenie o ilo\u015bci rodzin pszczelich do ARiMR<\/a><\/li>\n\n\n\n<li><a href=\"https:\/\/pruszkow.wetgiw.gov.pl\/wp-content\/uploads\/2026\/03\/MELDUNEK.docx\">Szczepienia &#8211; MELDUNEK<\/a><\/li>\n\n\n\n<li><a href=\"https:\/\/pruszkow.wetgiw.gov.pl\/wp-content\/uploads\/2026\/03\/WYKAZ-POSIADACZY-PSOW-ZASZCZEPIONYCH-PRZECIWKO-WSCIEKLIZNIE.docx\">Wykaz posiadaczy ps\u00f3w zaszczepionych przeciwko w\u015bciekli\u017anie<\/a><\/li>\n\n\n\n<li><a href=\"https:\/\/pruszkow.wetgiw.gov.pl\/wp-content\/uploads\/2026\/03\/ZASWIADCZENIE-O-ZASZCZEPIENIU-PSA-PRZECIWKO-WSCIEKLIZNIE.docx\">Za\u015bwiadczenie o zaszczepieniu psa przeciwko w\u015bciekli\u017anie<\/a><\/li>\n<\/ul>\n\n\n\n<p><\/p>\n\n\n\n<p><strong>PASZE:<\/strong><br>Obowi\u0105zkowe dokumenty przy sk\u0142adaniu wniosku o wpis do rejestru<\/p>\n\n\n\n<ul class=\"wp-block-list\">\n<li><a href=\"https:\/\/pruszkow.wetgiw.gov.pl\/wp-content\/uploads\/2022\/12\/wniosek-wpis-do-rejestru-pasze-gospodarstwa.doc\">Wniosek o wpis do rejestru pasze &#8211; gospodarstwa rolne<\/a><\/li>\n\n\n\n<li><a href=\"https:\/\/pruszkow.wetgiw.gov.pl\/wp-content\/uploads\/2025\/01\/W2101.doc\">Wniosek o wpis do rejestru pasze &#8211; przedsi\u0119biorstwa<\/a><\/li>\n\n\n\n<li><a href=\"https:\/\/pruszkow.wetgiw.gov.pl\/wp-content\/uploads\/2026\/02\/Informacja-o-zakoczeniu-dzialalnosci-PASZE-1.doc\">Informacja o zako\u0144czeniu dzia\u0142alno\u015bci PASZE<\/a><\/li>\n\n\n\n<li><a href=\"https:\/\/pruszkow.wetgiw.gov.pl\/wp-content\/uploads\/2021\/11\/WNIOSEK-O-WPIS-DO-REJESTRU-PODMIOTOW-PROWADZACYCH-DZIALALNOSC-NADZOROWANA-W-ZAKRESIE-UBOCZNYCH-PRODUKTOW-POCHODZENIA-ZWIERZECEGO-LUB-PRODUKTOW-POCHODNYCH..doc\">Wniosek o wpis do rejestru podmiot\u00f3w prowadz\u0105cych dzia\u0142alno\u015b\u0107 nadzorowan\u0105 w zakresie ubocznych produkt\u00f3w pochodzenia zwierz\u0119cego lub produkt\u00f3w pochodnych<\/a><\/li>\n<\/ul>\n\n\n\n<p><\/p>\n\n\n\n<p><strong>Gospodarstwa rolne<\/strong><\/p>\n\n\n\n<ul class=\"wp-block-list\">\n<li><a href=\"http:\/\/www.pruszkow.wetgiw.gov.pl\/images\/szch.doc\">Przyk\u0142adowy wz\u00f3r dokumentacji &nbsp;przypadk\u00f3w pojawienia si\u0119 szkodnik\u00f3w lub chor\u00f3b<\/a><\/li>\n\n\n\n<li><a href=\"https:\/\/pruszkow.wetgiw.gov.pl\/wp-content\/uploads\/2025\/02\/Rejestr-pasz-w-gospodarstwie-pasze-wyprodukowane-i-zuzyte2025.docx\">Przyk\u0142adowy wz\u00f3r dokumentacji dotycz\u0105cej \u017ar\u00f3d\u0142a i ilo\u015bci paszy w ka\u017cdej partii przyjmowanej<\/a><\/li>\n\n\n\n<li><a href=\"http:\/\/www.pruszkow.wetgiw.gov.pl\/images\/sroslin.doc\">Przyk\u0142adowy wz\u00f3r dokumentacji stosowania \u015brodk\u00f3w ochrony ro\u015blin i preparat\u00f3w biob\u00f3jczych<\/a><\/li>\n\n\n\n<li><a href=\"http:\/\/www.pruszkow.wetgiw.gov.pl\/images\/Wymaganiagp.doc\">Wymagania dla gospodarstwa paszowego<\/a><\/li>\n\n\n\n<li><a href=\"http:\/\/www.pruszkow.wetgiw.gov.pl\/images\/imaka.doc\">Informacja dotycz\u0105ca m\u0105czek mi\u0119sno-kostnych<\/a><\/li>\n\n\n\n<li><a href=\"http:\/\/www.pruszkow.wetgiw.gov.pl\/images\/Dokumentacja_w_gospodarstwie_rolniczym.doc\">Dokumentacja w gospodarstwie rolniczym<\/a><\/li>\n\n\n\n<li><a href=\"http:\/\/www.pruszkow.wetgiw.gov.pl\/images\/podstawowe_wymagania_weterynaryjne_dla_gospodarstwa.doc\">Podstawowe wymagania weterynaryjne dla gospodarstwa<\/a><\/li>\n<\/ul>\n\n\n\n<p><\/p>\n\n\n\n<p><strong>Uboczne produkty pochodzenia zwierz\u0119cego<\/strong><\/p>\n\n\n\n<p><\/p>\n\n\n\n<ul class=\"wp-block-list\">\n<li><a href=\"https:\/\/pruszkow.wetgiw.gov.pl\/wp-content\/uploads\/2026\/04\/WNIOSEK-UPPZ.doc\">Wniosek o wpis do uppz<\/a><\/li>\n\n\n\n<li><a href=\"http:\/\/www.pruszkow.wetgiw.gov.pl\/images\/wymaganiauppz.doc\">Wymagania po\u015brednictwo bez magazynowe uppz<\/a><\/li>\n\n\n\n<li><a href=\"http:\/\/www.pruszkow.wetgiw.gov.pl\/images\/WymT.doc\">Wymagania transport UPPZ<\/a><\/li>\n\n\n\n<li><a href=\"https:\/\/pruszkow.wetgiw.gov.pl\/wp-content\/uploads\/2026\/02\/Wniosek-cofniecie-rejestracji-uppz.doc\">Wniosek cofni\u0119cie rejestracji uppz<\/a><\/li>\n\n\n\n<li><a href=\"https:\/\/pruszkow.wetgiw.gov.pl\/wp-content\/uploads\/2026\/04\/kategoria_1_2026-1.xls\">Nowy wz\u00f3r dokumentu handlowego przy przewozie kategorii 1<\/a><\/li>\n\n\n\n<li><a href=\"https:\/\/pruszkow.wetgiw.gov.pl\/wp-content\/uploads\/2026\/04\/kategoria_2_2026.xls\">Nowy wz\u00f3r dokumentu handlowego przy przewozie kategorii 2<\/a><\/li>\n\n\n\n<li><a href=\"https:\/\/pruszkow.wetgiw.gov.pl\/wp-content\/uploads\/2026\/04\/kategoria_3_2026.xls\">Nowy wz\u00f3r dokumentu handlowego przy przewozie kategorii 3<\/a><\/li>\n<\/ul>\n\n\n\n<p><\/p>\n\n\n\n<p><strong>Dokumentacja leczenia zwierz\u0105t gospodarskich &#8211; wz\u00f3r<\/strong><\/p>\n\n\n\n<ul class=\"wp-block-list\">\n<li><a href=\"https:\/\/pruszkow.wetgiw.gov.pl\/wp-content\/uploads\/2023\/12\/WzC3B3r20ksiaC5BCki20leczenia20zwierzat.doc\">Wz\u00f3r ksia\u017cki leczenia zwierzat<\/a><\/li>\n<\/ul>\n\n\n\n<p><\/p>\n\n\n\n<p><strong>BEZPIECZE\u0143STWO \u017bYWNO\u015aCI:<\/strong><\/p>\n\n\n\n<ul class=\"wp-block-list\">\n<li><a href=\"https:\/\/pruszkow.wetgiw.gov.pl\/wp-content\/uploads\/2022\/09\/wzor-powiadomienia-o-zamiarze-przeprowadzenia-uboju-bydla-do-12-mca-zyci....pdf\">Wz\u00f3r powiadomienia o zamiarze przeprowadzenia uboju byd\u0142a do 12 mca \u017cyci\u2026<\/a><\/li>\n\n\n\n<li><a href=\"http:\/\/www.pruszkow.wetgiw.gov.pl\/images\/15113.pdf\">Powiadomienie o zamiarze przeprowadzenia uboju trzody chlewnej w celu produkcji mi\u0119sa przeznaczonego na u\u017cytek w\u0142asny<\/a><\/li>\n\n\n\n<li><a href=\"https:\/\/pruszkow.wetgiw.gov.pl\/wp-content\/uploads\/2022\/08\/wzor-wniosku-o-wpis-do-rejestru-zakladow.docx\">Wz\u00f3r wniosku o wpis do rejestru zakladow<\/a><\/li>\n\n\n\n<li><a href=\"https:\/\/pruszkow.wetgiw.gov.pl\/wp-content\/uploads\/2022\/07\/wzor-wniosku-o-wygasniecie-decyzji-i-wykreslenie-zakladu-z-rejestru-PLW.....docx\">Wz\u00f3r wniosku o wyga\u015bni\u0119cie decyzji i wykre\u015blenie zak\u0142adu z rejestru PLW&#8230;.<\/a><\/li>\n\n\n\n<li><a href=\"https:\/\/pruszkow.wetgiw.gov.pl\/wp-content\/uploads\/2023\/03\/wzor-wniosku-o-wpis-zakladu-prowadzacego-RHD-do-rejestru-PLW.docx\">Wz\u00f3r wniosku o wpis zak\u0142adu prowadz\u0105cego RHD do rejestru PLW<\/a><\/li>\n\n\n\n<li><a href=\"http:\/\/www.pruszkow.wetgiw.gov.pl\/images\/0711.doc\">WZ\u00d3R WNIOSKU O PRZEPROWADZENIE SZKOLENIA W ZAKRESIE UBOJU ZWIERZ\u0104T, KT\u00d3RYCH MI\u0118SO PRZEZNACZONE JEST NA U\u017bYTEK W\u0141ASNY<\/a><\/li>\n<\/ul>\n\n\n\n<p><\/p>\n\n\n\n<p><strong>Informacje Praktyczne:<\/strong><\/p>\n\n\n\n<ul class=\"wp-block-list\">\n<li><a href=\"https:\/\/pruszkow.wetgiw.gov.pl\/wp-content\/uploads\/2026\/01\/Uboj-na-uzytek-wlasny-w-gospodarstwie_poradnik1.pdf\">Ub\u00f3j na u\u017cytek w\u0142asny w gospodarstwie poradnik<\/a><\/li>\n\n\n\n<li><a href=\"http:\/\/www.pruszkow.wetgiw.gov.pl\/images\/2012.pdf\">Sprzeda\u017c bezpo\u015brednia produkt\u00f3w pochodzenia zwierz\u0119cego &#8211; wymagania z zakresu bezpiecze\u0144stwa \u017cywno\u015bci<\/a><\/li>\n\n\n\n<li>I<a href=\"http:\/\/www.pruszkow.wetgiw.gov.pl\/images\/2803.pdf\">nformacja o obowi\u0105zku zagospodarowania SRM<\/a><\/li>\n\n\n\n<li><a href=\"http:\/\/www.pruszkow.wetgiw.gov.pl\/images\/1102.pdf\">Praktyczne wskaz\u00f3wki dla rolnik\u00f3w w przypadku&nbsp;konieczno\u015bci uboju zwierz\u0105t gospodarskich kopytnych&nbsp;poza rze\u017ani\u0105<\/a><\/li>\n\n\n\n<li><a href=\"http:\/\/www.pruszkow.wetgiw.gov.pl\/images\/0403.doc\">O\u015bwiadczenie przedsi\u0119biorcy sektora spo\u017cywczego, kt\u00f3ry utrzymywa\u0142 zwierz\u0119 poddane ubojowi z konieczno\u015bci poza rze\u017ani\u0105&nbsp;<\/a><\/li>\n\n\n\n<li><a href=\"http:\/\/www.pruszkow.wetgiw.gov.pl\/images\/04032.doc\">O<a href=\"http:\/\/www.pruszkow.wetgiw.gov.pl\/images\/04032.doc\">\u015bwiadczenie lekarza weterynarii dotycz\u0105ce zwierz\u0119cia poddanego ubojowi z konieczno\u015bci poza rze\u017ani\u0105<\/a><\/a><\/li>\n<\/ul>\n\n\n\n<p><\/p>\n\n\n\n<p><strong>INFORMACJE PRAKTYCZNE, WZORY<\/strong><\/p>\n\n\n\n<ul class=\"wp-block-list\">\n<li><a href=\"http:\/\/www.pruszkow.wetgiw.gov.pl\/images\/0912.doc\">Informacja o wstrzymaniu, zawieszeniu, zaprzestaniu dzia\u0142alno\u015bci i innej zmianie stanu faktycznego<\/a><\/li>\n\n\n\n<li><a href=\"http:\/\/www.pruszkow.wetgiw.gov.pl\/images\/06086.odt\">Wz\u00f3r zg\u0142oszenia pok\u0105sania<\/a><\/li>\n\n\n\n<li><a href=\"http:\/\/www.pruszkow.wetgiw.gov.pl\/images\/1311.pdf\">Zasady bioasekuracji w zwi\u0105zku z afryka\u0144skim pomorem \u015bwi\u0144 (ASF)<\/a>&nbsp;<\/li>\n\n\n\n<li><a href=\"https:\/\/pruszkow.wetgiw.gov.pl\/wp-content\/uploads\/2023\/12\/220ulotka20ASF20myC59Bliwi20i20leC59Bnicy.pdf\">ASF \u2013 my\u015bliwi i rolnicy<\/a>&nbsp;<\/li>\n\n\n\n<li><a href=\"https:\/\/pruszkow.wetgiw.gov.pl\/wp-content\/uploads\/2023\/12\/120ulotka20ASF20rolnicy20caC582y20kraj.pdf\">ASF \u2013 rolnicy<\/a>&nbsp;<\/li>\n<\/ul>\n","protected":false},"excerpt":{"rendered":"<p>Drogi z\u0142o\u017cenia wniosk\u00f3w i zg\u0142osze\u0144:podpisanie dokumentu podpisem zaufanym lub kwalifikowanym oraz przes\u0142anie za po\u015brednictwem e-dor\u0119cze\u0144,lubdostarczenie dokumentu w formie papierowej do Powiatowego Inspektoratu Weterynarii w Pruszkowie.Wnioski przesy\u0142ane mailowo na adresy poczty elektronicznej Powiatowego Inspektoratu Weterynarii w Pruszkowie nie b\u0119d\u0105 rozpatrywane OG\u00d3LNE:&nbsp; &hellip; <a href=\"https:\/\/pruszkow.wetgiw.gov.pl\/?page_id=32\">Czytaj dalej <span class=\"meta-nav\">&rarr;<\/span><\/a><\/p>\n","protected":false},"author":1,"featured_media":0,"parent":0,"menu_order":0,"comment_status":"closed","ping_status":"closed","template":"","meta":{"footnotes":""},"class_list":["post-32","page","type-page","status-publish","hentry"],"yoast_head":"<!-- This site is optimized with the Yoast SEO plugin v21.6 - https:\/\/yoast.com\/wordpress\/plugins\/seo\/ -->\n<title>Do pobrania -<\/title>\n<meta name=\"robots\" content=\"index, follow, max-snippet:-1, max-image-preview:large, max-video-preview:-1\" \/>\n<link rel=\"canonical\" href=\"https:\/\/pruszkow.wetgiw.gov.pl\/?page_id=32\" \/>\n<meta property=\"og:locale\" content=\"pl_PL\" \/>\n<meta property=\"og:type\" content=\"article\" \/>\n<meta property=\"og:title\" content=\"Do pobrania -\" \/>\n<meta property=\"og:description\" content=\"Drogi z\u0142o\u017cenia wniosk\u00f3w i zg\u0142osze\u0144:podpisanie dokumentu podpisem zaufanym lub kwalifikowanym oraz przes\u0142anie za po\u015brednictwem e-dor\u0119cze\u0144,lubdostarczenie dokumentu w formie papierowej do Powiatowego Inspektoratu Weterynarii w Pruszkowie.Wnioski przesy\u0142ane mailowo na adresy poczty elektronicznej Powiatowego Inspektoratu Weterynarii w Pruszkowie nie b\u0119d\u0105 rozpatrywane OG\u00d3LNE:&nbsp; &hellip; Czytaj dalej &rarr;\" \/>\n<meta property=\"og:url\" content=\"https:\/\/pruszkow.wetgiw.gov.pl\/?page_id=32\" \/>\n<meta property=\"article:modified_time\" content=\"2026-04-16T07:56:20+00:00\" \/>\n<meta name=\"twitter:card\" content=\"summary_large_image\" \/>\n<meta name=\"twitter:label1\" content=\"Szacowany czas czytania\" \/>\n\t<meta name=\"twitter:data1\" content=\"5 minut\" \/>\n<script type=\"application\/ld+json\" class=\"yoast-schema-graph\">{\"@context\":\"https:\/\/schema.org\",\"@graph\":[{\"@type\":\"WebPage\",\"@id\":\"https:\/\/pruszkow.wetgiw.gov.pl\/?page_id=32\",\"url\":\"https:\/\/pruszkow.wetgiw.gov.pl\/?page_id=32\",\"name\":\"Do pobrania -\",\"isPartOf\":{\"@id\":\"https:\/\/pruszkow.wetgiw.gov.pl\/#website\"},\"datePublished\":\"2023-12-06T08:19:03+00:00\",\"dateModified\":\"2026-04-16T07:56:20+00:00\",\"breadcrumb\":{\"@id\":\"https:\/\/pruszkow.wetgiw.gov.pl\/?page_id=32#breadcrumb\"},\"inLanguage\":\"pl-PL\",\"potentialAction\":[{\"@type\":\"ReadAction\",\"target\":[\"https:\/\/pruszkow.wetgiw.gov.pl\/?page_id=32\"]}]},{\"@type\":\"BreadcrumbList\",\"@id\":\"https:\/\/pruszkow.wetgiw.gov.pl\/?page_id=32#breadcrumb\",\"itemListElement\":[{\"@type\":\"ListItem\",\"position\":1,\"name\":\"Home\",\"item\":\"https:\/\/pruszkow.wetgiw.gov.pl\/\"},{\"@type\":\"ListItem\",\"position\":2,\"name\":\"Do pobrania\"}]},{\"@type\":\"WebSite\",\"@id\":\"https:\/\/pruszkow.wetgiw.gov.pl\/#website\",\"url\":\"https:\/\/pruszkow.wetgiw.gov.pl\/\",\"name\":\"\",\"description\":\"\",\"potentialAction\":[{\"@type\":\"SearchAction\",\"target\":{\"@type\":\"EntryPoint\",\"urlTemplate\":\"https:\/\/pruszkow.wetgiw.gov.pl\/?s={search_term_string}\"},\"query-input\":\"required name=search_term_string\"}],\"inLanguage\":\"pl-PL\"}]}<\/script>\n<!-- \/ Yoast SEO plugin. -->","yoast_head_json":{"title":"Do pobrania -","robots":{"index":"index","follow":"follow","max-snippet":"max-snippet:-1","max-image-preview":"max-image-preview:large","max-video-preview":"max-video-preview:-1"},"canonical":"https:\/\/pruszkow.wetgiw.gov.pl\/?page_id=32","og_locale":"pl_PL","og_type":"article","og_title":"Do pobrania -","og_description":"Drogi z\u0142o\u017cenia wniosk\u00f3w i zg\u0142osze\u0144:podpisanie dokumentu podpisem zaufanym lub kwalifikowanym oraz przes\u0142anie za po\u015brednictwem e-dor\u0119cze\u0144,lubdostarczenie dokumentu w formie papierowej do Powiatowego Inspektoratu Weterynarii w Pruszkowie.Wnioski przesy\u0142ane mailowo na adresy poczty elektronicznej Powiatowego Inspektoratu Weterynarii w Pruszkowie nie b\u0119d\u0105 rozpatrywane OG\u00d3LNE:&nbsp; &hellip; Czytaj dalej &rarr;","og_url":"https:\/\/pruszkow.wetgiw.gov.pl\/?page_id=32","article_modified_time":"2026-04-16T07:56:20+00:00","twitter_card":"summary_large_image","twitter_misc":{"Szacowany czas czytania":"5 minut"},"schema":{"@context":"https:\/\/schema.org","@graph":[{"@type":"WebPage","@id":"https:\/\/pruszkow.wetgiw.gov.pl\/?page_id=32","url":"https:\/\/pruszkow.wetgiw.gov.pl\/?page_id=32","name":"Do pobrania -","isPartOf":{"@id":"https:\/\/pruszkow.wetgiw.gov.pl\/#website"},"datePublished":"2023-12-06T08:19:03+00:00","dateModified":"2026-04-16T07:56:20+00:00","breadcrumb":{"@id":"https:\/\/pruszkow.wetgiw.gov.pl\/?page_id=32#breadcrumb"},"inLanguage":"pl-PL","potentialAction":[{"@type":"ReadAction","target":["https:\/\/pruszkow.wetgiw.gov.pl\/?page_id=32"]}]},{"@type":"BreadcrumbList","@id":"https:\/\/pruszkow.wetgiw.gov.pl\/?page_id=32#breadcrumb","itemListElement":[{"@type":"ListItem","position":1,"name":"Home","item":"https:\/\/pruszkow.wetgiw.gov.pl\/"},{"@type":"ListItem","position":2,"name":"Do pobrania"}]},{"@type":"WebSite","@id":"https:\/\/pruszkow.wetgiw.gov.pl\/#website","url":"https:\/\/pruszkow.wetgiw.gov.pl\/","name":"","description":"","potentialAction":[{"@type":"SearchAction","target":{"@type":"EntryPoint","urlTemplate":"https:\/\/pruszkow.wetgiw.gov.pl\/?s={search_term_string}"},"query-input":"required name=search_term_string"}],"inLanguage":"pl-PL"}]}},"_links":{"self":[{"href":"https:\/\/pruszkow.wetgiw.gov.pl\/index.php?rest_route=\/wp\/v2\/pages\/32","targetHints":{"allow":["GET"]}}],"collection":[{"href":"https:\/\/pruszkow.wetgiw.gov.pl\/index.php?rest_route=\/wp\/v2\/pages"}],"about":[{"href":"https:\/\/pruszkow.wetgiw.gov.pl\/index.php?rest_route=\/wp\/v2\/types\/page"}],"author":[{"embeddable":true,"href":"https:\/\/pruszkow.wetgiw.gov.pl\/index.php?rest_route=\/wp\/v2\/users\/1"}],"replies":[{"embeddable":true,"href":"https:\/\/pruszkow.wetgiw.gov.pl\/index.php?rest_route=%2Fwp%2Fv2%2Fcomments&post=32"}],"version-history":[{"count":52,"href":"https:\/\/pruszkow.wetgiw.gov.pl\/index.php?rest_route=\/wp\/v2\/pages\/32\/revisions"}],"predecessor-version":[{"id":447,"href":"https:\/\/pruszkow.wetgiw.gov.pl\/index.php?rest_route=\/wp\/v2\/pages\/32\/revisions\/447"}],"wp:attachment":[{"href":"https:\/\/pruszkow.wetgiw.gov.pl\/index.php?rest_route=%2Fwp%2Fv2%2Fmedia&parent=32"}],"curies":[{"name":"wp","href":"https:\/\/api.w.org\/{rel}","templated":true}]}}