{"id":260,"date":"2025-03-24T13:45:58","date_gmt":"2025-03-24T12:45:58","guid":{"rendered":"https:\/\/pruszkow.wetgiw.gov.pl\/?page_id=260"},"modified":"2025-03-24T13:45:58","modified_gmt":"2025-03-24T12:45:58","slug":"kontakt","status":"publish","type":"page","link":"https:\/\/pruszkow.wetgiw.gov.pl\/?page_id=260","title":{"rendered":"Kontakt"},"content":{"rendered":"\n<p class=\"has-text-align-center\">Powiatowy Inspektorat Weterynarii w Pruszkowie<br><br>ul. Gordzia\u0142kowskiego 5<br>05-804 Pruszk\u00f3w<br><br>tel.: 22&nbsp;758 88 19<br>fax: 22&nbsp;759 58 00<br>Prosimy o kontaktowanie si\u0119 z osob\u0105 w\u0142a\u015bciw\u0105 w danej sprawie<br>(bior\u0105c pod uwag\u0119 podan\u0105 na stronie struktur\u0119 organizacyjn\u0105 urz\u0119du).<br><br>mail: piw@pruszkow.wetgiw.gov.pl<br><br>Adres skrzynki ePUAP:<br>\/piwpruszkow2\/skrytka<\/p>\n\n\n\n<p class=\"has-text-align-center\">Adres do dor\u0119cze\u0144 elektronicznych:<br>AE:PL-16420-83030-GGTUU-27<\/p>\n\n\n\n<p>1.&nbsp;&nbsp;&nbsp;&nbsp;&nbsp;&nbsp;&nbsp;&nbsp; Dane przes\u0142ane przy u\u017cyciu korespondencji z wykorzystaniem us\u0142ugi rejestrowanego dor\u0119czenia elektronicznego i publicznej us\u0142ugi hybrydowej przetwarzane b\u0119d\u0105 na podstawie art. 6 ust. 1 lit c) RODO w zwi\u0105zku z ustaw\u0105 z dnia<br>18 listopada 2020 r. o dor\u0119czeniach elektronicznych w celu wykonania obowi\u0105zku prawnego ci\u0105\u017c\u0105cego na administratorze w zwi\u0105zku z przes\u0142an\u0105 do administratora korespondencj\u0105, w celu\/celach: wype\u0142nienia obowi\u0105zk\u00f3w prawnych ci\u0105\u017c\u0105cych<br>na Administratorze, realizacji um\u00f3w zawartych z kontrahentami Administratora,<br>w pozosta\u0142ych przypadkach Pani\/Pana dane osobowe przetwarzane s\u0105 wy\u0142\u0105cznie<br>na podstawie wcze\u015bniej udzielonej zgody w zakresie i celu okre\u015blonym w tre\u015bci zgody.<\/p>\n\n\n\n<p>2.&nbsp;&nbsp;&nbsp;&nbsp;&nbsp;&nbsp;&nbsp;&nbsp; Dane osobowe mo\u017cemy przekazywa\u0107 i udost\u0119pnia\u0107 wy\u0142\u0105cznie podmiotom uprawnionym na podstawie obowi\u0105zuj\u0105cych przepis\u00f3w prawa s\u0105 nimi m.in.:<br>w zakresie e-dor\u0119cze\u0144 Poczta Polska S.A. ul. Rodzin Hiszpa\u0144skich 8, 00-940 Warszawa, jako dostawca publiczny oraz komercyjni dostawcy niepubliczni, wpisani do rejestru prowadzonego przez Ministra Cyfryzacji, w pozosta\u0142ym zakresie inne podmioty \u015bwiadcz\u0105ce us\u0142ugi pocztowe, telekomunikacyjne, bankowe, jednostki organizacyjne administratora realizacja jego ustawowe zadania oraz inne podmioty publiczne, gdy wyst\u0105pi\u0105 z takim \u017c\u0105daniem, oczywi\u015bcie w oparciu o stosown\u0105 podstaw\u0119 prawn\u0105. Dane osobowe tak\u017ce b\u0119d\u0105 ujawnione pracownikom i wsp\u00f3\u0142pracownikom administratora w zakresie niezb\u0119dnym do wykonywania przez nich obowi\u0105zk\u00f3w. Pa\u0144stwa dane osobowe mo\u017cemy tak\u017ce przekazywa\u0107 podmiotom, kt\u00f3re przetwarzaj\u0105<br>je na zlecenie administratora tzw. podmiotom przetwarzaj\u0105cym, s\u0105 nimi np.: podmioty \u015bwiadcz\u0105ce dla administratora us\u0142ugi wsparcia w zakresie teleinformatycznym.<\/p>\n\n\n\n<p>3.&nbsp;&nbsp;&nbsp;&nbsp;&nbsp;&nbsp;&nbsp;&nbsp; Dane osobowe przetwarzane b\u0119d\u0105 do czasu istnienia podstawy<br>do ich przetwarzania, w tym r\u00f3wnie\u017c przez okres przewidziany w przepisach dotycz\u0105cych przechowywania i archiwizacji dokumentacji.<\/p>\n","protected":false},"excerpt":{"rendered":"<p>Powiatowy Inspektorat Weterynarii w Pruszkowie ul. Gordzia\u0142kowskiego 505-804 Pruszk\u00f3w tel.: 22&nbsp;758 88 19fax: 22&nbsp;759 58 00Prosimy o kontaktowanie si\u0119 z osob\u0105 w\u0142a\u015bciw\u0105 w danej sprawie(bior\u0105c pod uwag\u0119 podan\u0105 na stronie struktur\u0119 organizacyjn\u0105 urz\u0119du). mail: piw@pruszkow.wetgiw.gov.pl Adres skrzynki ePUAP:\/piwpruszkow2\/skrytka Adres do &hellip; <a href=\"https:\/\/pruszkow.wetgiw.gov.pl\/?page_id=260\">Czytaj dalej <span class=\"meta-nav\">&rarr;<\/span><\/a><\/p>\n","protected":false},"author":1,"featured_media":0,"parent":0,"menu_order":0,"comment_status":"closed","ping_status":"closed","template":"","meta":{"footnotes":""},"class_list":["post-260","page","type-page","status-publish","hentry"],"yoast_head":"<!-- This site is optimized with the Yoast SEO plugin v21.6 - https:\/\/yoast.com\/wordpress\/plugins\/seo\/ -->\n<title>Kontakt -<\/title>\n<meta name=\"robots\" content=\"index, follow, max-snippet:-1, max-image-preview:large, max-video-preview:-1\" \/>\n<link rel=\"canonical\" href=\"https:\/\/pruszkow.wetgiw.gov.pl\/?page_id=260\" \/>\n<meta property=\"og:locale\" content=\"pl_PL\" \/>\n<meta property=\"og:type\" content=\"article\" \/>\n<meta property=\"og:title\" content=\"Kontakt -\" \/>\n<meta property=\"og:description\" content=\"Powiatowy Inspektorat Weterynarii w Pruszkowie ul. Gordzia\u0142kowskiego 505-804 Pruszk\u00f3w tel.: 22&nbsp;758 88 19fax: 22&nbsp;759 58 00Prosimy o kontaktowanie si\u0119 z osob\u0105 w\u0142a\u015bciw\u0105 w danej sprawie(bior\u0105c pod uwag\u0119 podan\u0105 na stronie struktur\u0119 organizacyjn\u0105 urz\u0119du). mail: piw@pruszkow.wetgiw.gov.pl Adres skrzynki ePUAP:\/piwpruszkow2\/skrytka Adres do &hellip; Czytaj dalej &rarr;\" \/>\n<meta property=\"og:url\" content=\"https:\/\/pruszkow.wetgiw.gov.pl\/?page_id=260\" \/>\n<meta name=\"twitter:card\" content=\"summary_large_image\" \/>\n<meta name=\"twitter:label1\" content=\"Szacowany czas czytania\" \/>\n\t<meta name=\"twitter:data1\" content=\"2 minuty\" \/>\n<script type=\"application\/ld+json\" class=\"yoast-schema-graph\">{\"@context\":\"https:\/\/schema.org\",\"@graph\":[{\"@type\":\"WebPage\",\"@id\":\"https:\/\/pruszkow.wetgiw.gov.pl\/?page_id=260\",\"url\":\"https:\/\/pruszkow.wetgiw.gov.pl\/?page_id=260\",\"name\":\"Kontakt -\",\"isPartOf\":{\"@id\":\"https:\/\/pruszkow.wetgiw.gov.pl\/#website\"},\"datePublished\":\"2025-03-24T12:45:58+00:00\",\"dateModified\":\"2025-03-24T12:45:58+00:00\",\"breadcrumb\":{\"@id\":\"https:\/\/pruszkow.wetgiw.gov.pl\/?page_id=260#breadcrumb\"},\"inLanguage\":\"pl-PL\",\"potentialAction\":[{\"@type\":\"ReadAction\",\"target\":[\"https:\/\/pruszkow.wetgiw.gov.pl\/?page_id=260\"]}]},{\"@type\":\"BreadcrumbList\",\"@id\":\"https:\/\/pruszkow.wetgiw.gov.pl\/?page_id=260#breadcrumb\",\"itemListElement\":[{\"@type\":\"ListItem\",\"position\":1,\"name\":\"Home\",\"item\":\"https:\/\/pruszkow.wetgiw.gov.pl\/\"},{\"@type\":\"ListItem\",\"position\":2,\"name\":\"Kontakt\"}]},{\"@type\":\"WebSite\",\"@id\":\"https:\/\/pruszkow.wetgiw.gov.pl\/#website\",\"url\":\"https:\/\/pruszkow.wetgiw.gov.pl\/\",\"name\":\"\",\"description\":\"\",\"potentialAction\":[{\"@type\":\"SearchAction\",\"target\":{\"@type\":\"EntryPoint\",\"urlTemplate\":\"https:\/\/pruszkow.wetgiw.gov.pl\/?s={search_term_string}\"},\"query-input\":\"required name=search_term_string\"}],\"inLanguage\":\"pl-PL\"}]}<\/script>\n<!-- \/ Yoast SEO plugin. -->","yoast_head_json":{"title":"Kontakt -","robots":{"index":"index","follow":"follow","max-snippet":"max-snippet:-1","max-image-preview":"max-image-preview:large","max-video-preview":"max-video-preview:-1"},"canonical":"https:\/\/pruszkow.wetgiw.gov.pl\/?page_id=260","og_locale":"pl_PL","og_type":"article","og_title":"Kontakt -","og_description":"Powiatowy Inspektorat Weterynarii w Pruszkowie ul. Gordzia\u0142kowskiego 505-804 Pruszk\u00f3w tel.: 22&nbsp;758 88 19fax: 22&nbsp;759 58 00Prosimy o kontaktowanie si\u0119 z osob\u0105 w\u0142a\u015bciw\u0105 w danej sprawie(bior\u0105c pod uwag\u0119 podan\u0105 na stronie struktur\u0119 organizacyjn\u0105 urz\u0119du). mail: piw@pruszkow.wetgiw.gov.pl Adres skrzynki ePUAP:\/piwpruszkow2\/skrytka Adres do &hellip; Czytaj dalej &rarr;","og_url":"https:\/\/pruszkow.wetgiw.gov.pl\/?page_id=260","twitter_card":"summary_large_image","twitter_misc":{"Szacowany czas czytania":"2 minuty"},"schema":{"@context":"https:\/\/schema.org","@graph":[{"@type":"WebPage","@id":"https:\/\/pruszkow.wetgiw.gov.pl\/?page_id=260","url":"https:\/\/pruszkow.wetgiw.gov.pl\/?page_id=260","name":"Kontakt -","isPartOf":{"@id":"https:\/\/pruszkow.wetgiw.gov.pl\/#website"},"datePublished":"2025-03-24T12:45:58+00:00","dateModified":"2025-03-24T12:45:58+00:00","breadcrumb":{"@id":"https:\/\/pruszkow.wetgiw.gov.pl\/?page_id=260#breadcrumb"},"inLanguage":"pl-PL","potentialAction":[{"@type":"ReadAction","target":["https:\/\/pruszkow.wetgiw.gov.pl\/?page_id=260"]}]},{"@type":"BreadcrumbList","@id":"https:\/\/pruszkow.wetgiw.gov.pl\/?page_id=260#breadcrumb","itemListElement":[{"@type":"ListItem","position":1,"name":"Home","item":"https:\/\/pruszkow.wetgiw.gov.pl\/"},{"@type":"ListItem","position":2,"name":"Kontakt"}]},{"@type":"WebSite","@id":"https:\/\/pruszkow.wetgiw.gov.pl\/#website","url":"https:\/\/pruszkow.wetgiw.gov.pl\/","name":"","description":"","potentialAction":[{"@type":"SearchAction","target":{"@type":"EntryPoint","urlTemplate":"https:\/\/pruszkow.wetgiw.gov.pl\/?s={search_term_string}"},"query-input":"required name=search_term_string"}],"inLanguage":"pl-PL"}]}},"_links":{"self":[{"href":"https:\/\/pruszkow.wetgiw.gov.pl\/index.php?rest_route=\/wp\/v2\/pages\/260","targetHints":{"allow":["GET"]}}],"collection":[{"href":"https:\/\/pruszkow.wetgiw.gov.pl\/index.php?rest_route=\/wp\/v2\/pages"}],"about":[{"href":"https:\/\/pruszkow.wetgiw.gov.pl\/index.php?rest_route=\/wp\/v2\/types\/page"}],"author":[{"embeddable":true,"href":"https:\/\/pruszkow.wetgiw.gov.pl\/index.php?rest_route=\/wp\/v2\/users\/1"}],"replies":[{"embeddable":true,"href":"https:\/\/pruszkow.wetgiw.gov.pl\/index.php?rest_route=%2Fwp%2Fv2%2Fcomments&post=260"}],"version-history":[{"count":1,"href":"https:\/\/pruszkow.wetgiw.gov.pl\/index.php?rest_route=\/wp\/v2\/pages\/260\/revisions"}],"predecessor-version":[{"id":261,"href":"https:\/\/pruszkow.wetgiw.gov.pl\/index.php?rest_route=\/wp\/v2\/pages\/260\/revisions\/261"}],"wp:attachment":[{"href":"https:\/\/pruszkow.wetgiw.gov.pl\/index.php?rest_route=%2Fwp%2Fv2%2Fmedia&parent=260"}],"curies":[{"name":"wp","href":"https:\/\/api.w.org\/{rel}","templated":true}]}}